{"id":13,"date":"2014-11-17T15:19:31","date_gmt":"2014-11-17T15:19:31","guid":{"rendered":"http:\/\/johairba.co.uk\/?page_id=13"},"modified":"2016-08-25T18:51:25","modified_gmt":"2016-08-25T18:51:25","slug":"hair-and-scalp","status":"publish","type":"page","link":"https:\/\/johairba.com\/fr\/hair-and-scalp\/","title":{"rendered":"SOINS CHEVEUX"},"content":{"rendered":"<p><\/p>\n<h1 class=\"p0\" style=\"text-align: center;\"><span class=\"c0\">La perte de cheveux n&rsquo;est jamais un ph\u00e9nom\u00e8ne irr\u00e9versible.<\/span><\/h1>\n<p><\/p>\n<div class=\"page_how-it-works_f8E1WgH19mTXHVPe5THnd body\">\n<img loading=\"lazy\" decoding=\"async\" class=\"aligncenter wp-image-47\" src=\"http:\/\/johairba.co.uk\/wp-content\/uploads\/2014\/11\/johairba-man-smiling.jpg\" alt=\"johairba man smiling\" width=\"1050\" height=\"622\" border-radius=\"10\" srcset=\"https:\/\/johairba.com\/wp-content\/uploads\/2014\/11\/johairba-man-smiling.jpg 1200w, https:\/\/johairba.com\/wp-content\/uploads\/2014\/11\/johairba-man-smiling-300x177.jpg 300w, https:\/\/johairba.com\/wp-content\/uploads\/2014\/11\/johairba-man-smiling-1024x606.jpg 1024w, https:\/\/johairba.com\/wp-content\/uploads\/2014\/11\/johairba-man-smiling-250x148.jpg 250w, https:\/\/johairba.com\/wp-content\/uploads\/2014\/11\/johairba-man-smiling-150x88.jpg 150w, https:\/\/johairba.com\/wp-content\/uploads\/2014\/11\/johairba-man-smiling-148x87.jpg 148w, https:\/\/johairba.com\/wp-content\/uploads\/2014\/11\/johairba-man-smiling-31x18.jpg 31w, https:\/\/johairba.com\/wp-content\/uploads\/2014\/11\/johairba-man-smiling-38x22.jpg 38w, https:\/\/johairba.com\/wp-content\/uploads\/2014\/11\/johairba-man-smiling-362x215.jpg 362w\" sizes=\"auto, (max-width: 1050px) 100vw, 1050px\" \/><\/p>\n<div class=\"page_le-traitement_fV7RQbbdHmwNWnvvHEoZ3 body\">\n<\/p>\n<p class=\"p0\"><span class=\"c0\">Johairba conjugue les atouts d\u2019un traitement stimulateur de croissance et d\u2019un soin anti-\u00e2ge.<\/span><\/p>\n<p class=\"p1\"><span class=\"c0\">Les soins Johairba doivent leur efficacit\u00e9 a l&rsquo;association unique entre les huiles essentielles pr\u00e9cieuses et des extraits de plantes dont c\u00e8dre de l&rsquo;atlas, le romarin, Jojoba, amande, Bay (pimenta racemosa), un cocktail vitamin\u00e9 particuli\u00e8rement riche en vitamines E et D qui r\u00e9g\u00e9n\u00e8re, tonifie et prot\u00e8ge le bulbe pileux des radicaux libres et ralentit son vieillissement. <\/span><\/p>\n<p class=\"p2\"><span class=\"c0\">L&rsquo;univers botanique est donc une source infinie de beaut\u00e9 et de sant\u00e9 pour les cheveux.<\/span><\/p>\n<p class=\"p3\"><span class=\"c0\">Le traitement Johairba agit sur une dur\u00e9e de 6 mois si la chute est r\u00e9cente, mais si la chute dure depuis plus de 6 mois un traitement de 12 \u00e0 24 mois est n\u00e9cessaire pour avoir des r\u00e9sultats sur la repousse.<\/span><\/p>\n<p class=\"p4\"><span class=\"c0\">Cependant la plupart des utilisateurs constateront une diff\u00e9rence apr\u00e8s 3 ou 4 mois seulement \u2013 ce qui correspond au cycle de croissance naturel des cheveux.<\/span><\/p>\n<p class=\"p5\"><span class=\"c0\"> <\/span><\/p>\n<p class=\"p6\"><span class=\"c0\">La raret\u00e9 des huiles essentielles, quintessence du pouvoir v\u00e9g\u00e9tal, est alli\u00e9e dans ce soin, chacune de ces plantes et de ces huiles pr\u00e9cieuses poss\u00e8de des propri\u00e9t\u00e9s uniques, une utilisation r\u00e9guli\u00e8re de ce traitement: <\/span><\/p>\n<p class=\"p7\"><span class=\"c0\"> <\/span><\/p>\n<p class=\"p8\"><span class=\"c0\">R\u00e9duit la perte de cheveux <\/span><\/p>\n<p class=\"p9\"><span class=\"c0\">R\u00e9gularise la s\u00e9cr\u00e9tion de s\u00e9bum<\/span><\/p>\n<p class=\"p10\"><span class=\"c0\">Revitalise les cheveux de la racine aux pointes <\/span><\/p>\n<p class=\"p11\"><span class=\"c0\">Favorise la croissance des cheveux<\/span><\/p>\n<p class=\"p12\"><span class=\"c0\"> <\/span><\/p>\n<p class=\"p13\"><span class=\"c0\"><strong>Composition du s\u00e9rum:<\/strong><\/span><\/p>\n<p class=\"p14\"><span class=\"c0\">les huiles essentielles pr\u00e9cieuses de c\u00e8dre de l&rsquo;atlas, le romarin, Jojoba, amande, Bay (pimenta racemosa)<\/span><\/p>\n<p class=\"p15\"><span class=\"c0\"> <\/span><\/p>\n<p class=\"p16\"><span class=\"c0\"><strong>Composition du shampoing:<\/strong><\/p>\n<p class=\"p18\"><span class=\"c0\">Aqua,Capryl glucoside, Coco-betaine, Glycerin, Parfum, Cinchona succirubra, Salvia officinalis, Citrus limonum, Potassium oleate, Lavande, Potassium cocoate, Potassium palmitate, Potassium stearate, Sorbic acid, Dehydroacetic acid, Citric acid, Limonene.<\/span><\/p>\n<p class=\"p19\"><span class=\"c0\"> <\/span><\/p>\n<p class=\"p20\"><span class=\"c0\">\u00b7 Il ne contient pas de parabens.<\/span><\/p>\n<p class=\"p21\"><span class=\"c0\">\u00b7 Il ne contient pas d&rsquo;\u00e9l\u00e9ments issus de l&rsquo;industrie p\u00e9trochimique (paraffine, silicone, PEG).<\/span><\/p>\n<p class=\"p22\"><span class=\"c0\">\u00b7 Il ne contient pas de colorant de synth\u00e8se<\/span><\/p>\n<p class=\"p23\"><span class=\"c0\">\u00b7 Il ne contient pas d&rsquo;OGM.<\/span><\/p>\n<p class=\"p24\"><span class=\"c0\">\u00b7 Les tensio-actifs qu&rsquo;il contient sont d&rsquo;origine v\u00e9g\u00e9tale.<\/span><\/p>\n<p class=\"p25\"><span class=\"c0\">\u00b7 Il ne contient pas de parfum de synth\u00e8se. Il est parfum\u00e9 avec des huiles essentielles issues de l&rsquo;agriculture biologique.<\/span><\/p>\n<p><\/p>\n<h1 class=\"p0\" style=\"text-align: center;\"><span class=\"c0\">3 \u00e9tapes faciles pour des cheveux sains <\/span><\/h1>\n<p>\n<img loading=\"lazy\" decoding=\"async\" class=\"aligncenter size-large wp-image-59\" src=\"http:\/\/johairba.co.uk\/wp-content\/uploads\/2014\/11\/Johairba-shoot-6-final-1024x682.jpg\" alt=\"Our essential oil solution for healthy hair\" width=\"900\" height=\"599\" srcset=\"https:\/\/johairba.com\/wp-content\/uploads\/2014\/11\/Johairba-shoot-6-final-1024x682.jpg 1024w, https:\/\/johairba.com\/wp-content\/uploads\/2014\/11\/Johairba-shoot-6-final-300x200.jpg 300w, https:\/\/johairba.com\/wp-content\/uploads\/2014\/11\/Johairba-shoot-6-final-225x150.jpg 225w, https:\/\/johairba.com\/wp-content\/uploads\/2014\/11\/Johairba-shoot-6-final-150x100.jpg 150w, https:\/\/johairba.com\/wp-content\/uploads\/2014\/11\/Johairba-shoot-6-final-148x98.jpg 148w, https:\/\/johairba.com\/wp-content\/uploads\/2014\/11\/Johairba-shoot-6-final-31x20.jpg 31w, https:\/\/johairba.com\/wp-content\/uploads\/2014\/11\/Johairba-shoot-6-final-38x25.jpg 38w, https:\/\/johairba.com\/wp-content\/uploads\/2014\/11\/Johairba-shoot-6-final-322x215.jpg 322w, https:\/\/johairba.com\/wp-content\/uploads\/2014\/11\/Johairba-shoot-6-final.jpg 1200w\" sizes=\"auto, (max-width: 900px) 100vw, 900px\" \/><\/p>\n<hr style=\"border:none; height:1px; width:90%;\"\/>\n<hr style=\"border:none; height:1px; width:10%;\"\/>\n<p class=\"p0\"><span class=\"c0\">Un traitement d&rsquo;attaque enraye la chute des cheveux et un traitement \u00e0 long terme redonne vitalit\u00e9 et brillance \u00e0 votre chevelure.<\/span><\/p>\n<p class=\"p1\"><span class=\"c0\"> <\/span><\/p>\n<p class=\"p2\"><span class=\"c0\">En traitement d&rsquo;attaque : 1  \u00e0 2 fois par semaine pendant 6 mois minimum (\u00e0 renouveler si n\u00e9cessaire).<\/span><\/p>\n<p class=\"p3\"><span class=\"c0\">En traitement d&rsquo;entretien : 2 applications par mois toute l&rsquo;ann\u00e9e<\/span><\/p>\n<p class=\"p4\"><span class=\"c0\"> <\/span><\/p>\n<p class=\"p5\"><span class=\"c0\">Appliquer 1 \u00e0 2 pressions de s\u00e9rum dans le creux de la main, avec le bout des doigts appliquer directement sur le cuir chevelu sec en insistant sur les zones les plus clairsem\u00e9es. Masser doucement du bout des doigts. Il est pr\u00e9f\u00e9rable d\u2019appliquer le s\u00e9rum le soir afin de laisser agir toute la nuit et laver le lendemain, ou apr\u00e8s 3 heures au moins apr\u00e8s l\u2019application.<\/span><\/p>\n<p class=\"p6\"><span class=\"c0\">Malgr\u00e9 les premiers r\u00e9sultats positifs, il est important de continuer sur une dur\u00e9e de 6 mois, et si la chute dure depuis plus de 6 mois un traitement de 12 mois est n\u00e9cessaire.<\/span><\/p>\n<p class=\"p7\"><span class=\"c0\">Il est \u00e9galement recommand\u00e9 de faire une cure annuelle  ou de continuer a faire des massages bi-mensuel pour nourrir les follicules pileux et maintenir la vitalit\u00e9 et la beaut\u00e9 de vos cheveux.<\/span><\/p>\n<p>\n<a href=\"https:\/\/johairba.com\/fr\/store\" class=\"browsestore\">VISITEZ NOTRE BOUTIQUE ICI<\/a><\/p>\n<p><\/p>\n<div class=\"blue-btn\"><a class=\"first-link\">Une source infinie de beaut\u00e9<\/a><a>A natural solution for healthy skin and hair<\/a><\/div>\n<hr style=\"border: none; height: 1px; width: 800px; color: black;\" \/>\n<p style=\"text-align: center;\"><span style=\"color: #e2e0e0; font-family: Verdana; font-size: 48px; font-style: normal; font-weight: bold;\">Johairba<\/span><\/p>\n<\/div>\n<p><\/p>","protected":false},"excerpt":{"rendered":"<p>La perte de cheveux n&rsquo;est jamais un ph\u00e9nom\u00e8ne irr\u00e9versible. Johairba conjugue les atouts d\u2019un traitement stimulateur de croissance et d\u2019un soin anti-\u00e2ge. Les soins Johairba doivent leur efficacit\u00e9 a l&rsquo;association unique entre les huiles essentielles pr\u00e9cieuses et des extraits de plantes dont c\u00e8dre de l&rsquo;atlas, le romarin, Jojoba, amande, Bay\u2026<\/p>\n<p> <a class=\"continue-reading-link\" href=\"https:\/\/johairba.com\/fr\/hair-and-scalp\/\"><span>Continue reading<\/span><i class=\"icon-right-dir\"><\/i><\/a><\/p>\n","protected":false},"author":2,"featured_media":0,"parent":0,"menu_order":2,"comment_status":"closed","ping_status":"closed","template":"templates\/template-onecolumn.php","meta":{"footnotes":""},"class_list":["post-13","page","type-page","status-publish","hentry"],"yoast_head":"<!-- This site is optimized with the Yoast SEO plugin v14.2 - https:\/\/yoast.com\/wordpress\/plugins\/seo\/ -->\n<title>SOINS CHEVEUX - Johairba<\/title>\n<meta name=\"description\" content=\"hair and scalp At Johairba we feature our 2 step ritual \u2013 a serum and a shampoo \u2013 for the best all-natural healthy hair treatment available today.\" \/>\n<meta name=\"robots\" content=\"index, follow\" \/>\n<meta name=\"googlebot\" content=\"index, follow, max-snippet:-1, max-image-preview:large, max-video-preview:-1\" \/>\n<meta name=\"bingbot\" content=\"index, follow, max-snippet:-1, max-image-preview:large, max-video-preview:-1\" \/>\n<link rel=\"canonical\" href=\"https:\/\/johairba.com\/hair-and-scalp\/\" \/>\n<meta property=\"og:locale\" content=\"fr_FR\" \/>\n<meta property=\"og:type\" content=\"article\" \/>\n<meta property=\"og:title\" content=\"[:en]Hair and Scalp[:fr]SOINS CHEVEUX[:] - Johairba\" \/>\n<meta property=\"og:description\" content=\"hair and scalp At Johairba we feature our 2 step ritual \u2013 a serum and a shampoo \u2013 for the best all-natural healthy hair treatment available today.\" \/>\n<meta property=\"og:url\" content=\"https:\/\/johairba.com\/hair-and-scalp\/\" \/>\n<meta property=\"og:site_name\" content=\"Johairba\" \/>\n<meta property=\"article:publisher\" content=\"https:\/\/www.facebook.com\/pages\/Johairba\/406542342741572\" \/>\n<meta property=\"article:modified_time\" content=\"2016-08-25T18:51:25+00:00\" \/>\n<meta property=\"og:image\" content=\"http:\/\/johairba.co.uk\/wp-content\/uploads\/2014\/11\/johairba-man-smiling.jpg\" \/>\n<script type=\"application\/ld+json\" class=\"yoast-schema-graph\">{\"@context\":\"https:\/\/schema.org\",\"@graph\":[{\"@type\":\"WebSite\",\"@id\":\"https:\/\/johairba.com\/fr\/#website\",\"url\":\"https:\/\/johairba.com\/fr\/\",\"name\":\"Johairba\",\"description\":\"Une source infinie de beaut\\u00e9\",\"potentialAction\":[{\"@type\":\"SearchAction\",\"target\":\"https:\/\/johairba.com\/fr\/?s={search_term_string}\",\"query-input\":\"required name=search_term_string\"}],\"inLanguage\":\"fr-FR\"},{\"@type\":\"ImageObject\",\"@id\":\"https:\/\/johairba.com\/hair-and-scalp\/#primaryimage\",\"inLanguage\":\"fr-FR\",\"url\":\"http:\/\/johairba.co.uk\/wp-content\/uploads\/2014\/11\/johairba-man-smiling.jpg\"},{\"@type\":\"WebPage\",\"@id\":\"https:\/\/johairba.com\/hair-and-scalp\/#webpage\",\"url\":\"https:\/\/johairba.com\/hair-and-scalp\/\",\"name\":\"[:en]Hair and Scalp[:fr]SOINS CHEVEUX[:] - Johairba\",\"isPartOf\":{\"@id\":\"https:\/\/johairba.com\/fr\/#website\"},\"primaryImageOfPage\":{\"@id\":\"https:\/\/johairba.com\/hair-and-scalp\/#primaryimage\"},\"datePublished\":\"2014-11-17T15:19:31+00:00\",\"dateModified\":\"2016-08-25T18:51:25+00:00\",\"description\":\"hair and scalp At Johairba we feature our 2 step ritual \\u2013 a serum and a shampoo \\u2013 for the best all-natural healthy hair treatment available today.\",\"inLanguage\":\"fr-FR\",\"potentialAction\":[{\"@type\":\"ReadAction\",\"target\":[\"https:\/\/johairba.com\/hair-and-scalp\/\"]}]}]}<\/script>\n<!-- \/ Yoast SEO plugin. -->","_links":{"self":[{"href":"https:\/\/johairba.com\/fr\/wp-json\/wp\/v2\/pages\/13","targetHints":{"allow":["GET"]}}],"collection":[{"href":"https:\/\/johairba.com\/fr\/wp-json\/wp\/v2\/pages"}],"about":[{"href":"https:\/\/johairba.com\/fr\/wp-json\/wp\/v2\/types\/page"}],"author":[{"embeddable":true,"href":"https:\/\/johairba.com\/fr\/wp-json\/wp\/v2\/users\/2"}],"replies":[{"embeddable":true,"href":"https:\/\/johairba.com\/fr\/wp-json\/wp\/v2\/comments?post=13"}],"version-history":[{"count":111,"href":"https:\/\/johairba.com\/fr\/wp-json\/wp\/v2\/pages\/13\/revisions"}],"predecessor-version":[{"id":1363,"href":"https:\/\/johairba.com\/fr\/wp-json\/wp\/v2\/pages\/13\/revisions\/1363"}],"wp:attachment":[{"href":"https:\/\/johairba.com\/fr\/wp-json\/wp\/v2\/media?parent=13"}],"curies":[{"name":"wp","href":"https:\/\/api.w.org\/{rel}","templated":true}]}}