{"id":16,"date":"2014-11-17T15:28:17","date_gmt":"2014-11-17T15:28:17","guid":{"rendered":"http:\/\/johairba.co.uk\/?page_id=16"},"modified":"2016-08-25T23:30:53","modified_gmt":"2016-08-25T23:30:53","slug":"skin-and-face","status":"publish","type":"page","link":"https:\/\/johairba.com\/fr\/skin-and-face\/","title":{"rendered":"SOINS VISAGE"},"content":{"rendered":"<p><\/p>\n<h1 class=\"visage\" style=\"text-align: center;\">Ralentir les effets du temps naturellement, une promesse anti-\u00e2ge<\/h1>\n<p>\n<img loading=\"lazy\" decoding=\"async\" class=\"aligncenter\" src=\"https:\/\/johairba.com\/wp-content\/uploads\/2015\/05\/freeimage-18521249-highsm.jpg\" alt=\"Girl applying cosmetic cream on skin on a light background in room\" width=\"800\" height=\"533\" \/><br \/>\n<\/p>\n<p class=\"p8\">Parce qu\u2019une autre cosm\u00e9tique et un autre mode de vie sont possibles, les produits de soin et de beaut\u00e9 de Johairba sont :<br \/>\n\u25a0 Sans paraffine ni silicone.<br \/>\n\u25a0 Sans PEG (poly\u00e9thyl\u00e8ne glycol) et sans PPG (polypropyl\u00e8ne glycol).<br \/>\n\u25a0 Sans parabens ni ph\u00e9noxy\u00e9thanol.<br \/>\n\u25a0 Sans formald\u00e9hyde ni d\u00e9riv\u00e9s chlor\u00e9s.<br \/>\n\u25a0 Sans parfum ni colorant de synth\u00e8se.<br \/>\n\u25a0 Non test\u00e9 sur les animaux,<\/p>\n<p><img decoding=\"async\" style=\"margin:auto; display:table; max-width:60%;\" src=\"https:\/\/johairba.com\/wp-content\/uploads\/2015\/10\/triple-pack-reflection-final-small2.jpg\"\/><\/br><\/p>\n<p class=\"p8\">Nous avons cr\u00e9\u00e9 un programme r\u00e9g\u00e9n\u00e9ratif en 3 \u00e9tapes pour am\u00e9liorer la vitalit\u00e9 et le m\u00e9tabolisme des cellules adapt\u00e9 a tous les types de peaux.<\/p>\n<p><strong>1. Nettoyant Doux Unique<\/strong> <br \/>Aussi bien un soin nettoyant hydratant quotidien qu&rsquo;un masque hydratant. Formul\u00e9e \u00e0 base d&rsquo;extraits d&rsquo;algues marines et d&rsquo;argile surfine, cette combinaison unique permet d&rsquo;apaiser la peau, d&rsquo;apporter du confort et d&rsquo;illuminer le teint. Une cr\u00e8me netoyante et \u00e9molliente \u00e0 masser du bout des doigts en l\u00e9gers mouvements circulaires et par man\u0153uvres de pompage pour d\u00e9coller les impuret\u00e9s. Cette cr\u00e8me peut \u00e9galement s&rsquo;utiliser en masque hydratant, deux fois par semaine ou \u00e0 chaque fois que le besoin s&rsquo;en fait ressentir. Il suffit pour cela d&rsquo;appliquer le soin sur peau parfaitement nettoy\u00e9e. Apr\u00e8s quelques minutes, l&rsquo;exc\u00e9dent peut \u00eatre \u00e9limin\u00e9 \u00e0 l&rsquo;aide d&rsquo;un mouchoir en papier. \u00a0\u00bb<\/p>\n<p><strong>2. Eau Micellaire Purifiante<\/strong><br \/> La formule extra-douce, sans parfum de l\u2019eau micellaire d\u00e9maquillante \u00e9limine le maquillage en douceur et tonifie la peau. Formul\u00e9e sans savon et enrichie en eau florale de rose, elle respecte la peau grace aux vertus \u00e9quilibrantes des extraits de fleurs, l\u2019\u00e9quilibre de la flore cutan\u00e9e est maintenu. Imbiber un coton de lotion et le passer d\u00e9licatement sur la peau en \u00e9vitant les yeux, pour un effet apaisant et vivifiant.<\/p>\n<p><strong>3. Vibrant Essential Serum Visage, cou et d\u00e9collet\u00e9<\/strong><br \/> Stimulateur de vitalit\u00e9 cellulaire, en appliquant 1 \u00e0 2 gouttes sur le visage en massant bien. Peut s\u2019utiliser aussi sur le d\u00e9collet\u00e9 et les mains, masser doucement du bout des doigts. Il est pr\u00e9f\u00e9rable d\u2019appliquer le s\u00e9rum le soir afin de laisser agir toute la nuit.<br \/>\nCe serum contient 5 huiles v\u00e9g\u00e9tales et essentielles r\u00e9put\u00e9s pour ses propri\u00e9t\u00e9s rajeunissantes. un s\u00e9rum de nuit qui contribue \u00e0 intensifier le cycle nocturne de r\u00e9paration naturelle, il doit son succ\u00e8s \u00e0 l&rsquo;effet peau neuve, des taches pigmentaires d\u00e9j\u00e0 diminu\u00e9es au bout d\u2019un mois, une peau visiblement plus ferme et des rides nettement moins visibles.  Le serum agit la nuit et au r\u00e9veil la peau para\u00eet revitalis\u00e9e et ce, pour la journ\u00e9e. L\u2019utilisation prolong\u00e9 du s\u00e9rum sur 6 mois est encore plus spectaculaire, il stimule la r\u00e9g\u00e9n\u00e9ration de nouvelles cellules et l&rsquo;\u00e9limination des anciens, aux qualit\u00e9s anti-pigmentaires, ce serum est un soin d\u2019exception qui active la microcirculation cutan\u00e9e et raviver l&rsquo;\u00e9clat de la peau,  r\u00e9duit la dilatation des pores et leur d\u00e9formation dans le temps: une alternative aux intervention laser.<\/p>\n<p style=\"color:#aaa;\">Composants du <strong>Vibrant Essential Face Serum<\/strong>:<br \/>\nPrunus dulcis (amande douce), Buxus chinensis (jojoba), Lavendula augustifolia, (lavande anglaise), Boswelli carterii (encens), Santum album (bois de santal), Carotol, Arbre \u00e0 Th\u00e9, le tocoph\u00e9rol (vitamine E), Linalool *,Zinc, Limonene * *  naturellement dans les huiles essentielles<\/p>\n<p style=\"color:#aaa;\">Composants <strong>Unique Smoothing Cleanser<\/strong>: Aqua (Water), Caprylic \/ capric triglyceride (Light Coconut) oil, Kaolin, Glyceryl stearate &#038; Peg 100, Glycerine (Veg), Cetyl alcohol, Stearic acid, Phenoxyethanol &#038; Ethylhexylglycerin, Tocopheryl acetate (Vitamin E), Sodium bicarbonate<\/p>\n<p style=\"color:#aaa;\">Composants <strong>Purifying Micellar water<\/strong>:Aqua (Water), Sodium benzoate &#038; Potassium sorbate, Rosa damascena flower water, acetate (Vitamin E), Citral, Linalool, Limonene &#8211; Contient au moins 95% d\u2019ingr\u00e9dients d\u2019origine naturelle (dont Eau florale de p\u00e9tales de roses\u2026).<br \/>\nSans paraben.<\/p>\n<p>Conservation:<br \/>\nConserver dans le flacon bien ferm\u00e9 \u00e0 temp\u00e9rature stable entre 15 et 25\u00b0C, \u00e0 l\u2019abri de l&rsquo;air et de la lumi\u00e8re.  il se conserve 12 mois apr\u00e8s ouverture. Ne pas utiliser chez les enfants de moins de 10 ans. Tenir hors de la port\u00e9e des enfants. Ne pas prendre en usage interne.<\/p>\n<p><a href=\"https:\/\/johairba.com\/fr\/store\" class=\"browsestore\">VISITEZ NOTRE BOUTIQUE ICI<\/a><\/p>\n<div class=\"blue-btn\"><a class=\"first-link\">Une source infinie de beaut\u00e9<\/a><a>A natural solution for healthy skin and hair<\/a><\/div>\n<hr style=\"border: none; height: 1px; width: 800px; color: black;\" \/>\n<p style=\"text-align: center;\"><span style=\"color: #e2e0e0; font-family: Verdana; font-size: 48px; font-style: normal; font-weight: bold;\">Johairba<\/span><\/p>\n<p><\/p>","protected":false},"excerpt":{"rendered":"<p>Ralentir les effets du temps naturellement, une promesse anti-\u00e2ge Parce qu\u2019une autre cosm\u00e9tique et un autre mode de vie sont possibles, les produits de soin et de beaut\u00e9 de Johairba sont : \u25a0 Sans paraffine ni silicone. \u25a0 Sans PEG (poly\u00e9thyl\u00e8ne glycol) et sans PPG (polypropyl\u00e8ne glycol). \u25a0 Sans parabens\u2026<\/p>\n<p> <a class=\"continue-reading-link\" href=\"https:\/\/johairba.com\/fr\/skin-and-face\/\"><span>Continue reading<\/span><i class=\"icon-right-dir\"><\/i><\/a><\/p>\n","protected":false},"author":2,"featured_media":0,"parent":0,"menu_order":3,"comment_status":"closed","ping_status":"closed","template":"templates\/template-onecolumn.php","meta":{"footnotes":""},"class_list":["post-16","page","type-page","status-publish","hentry"],"yoast_head":"<!-- This site is optimized with the Yoast SEO plugin v14.2 - https:\/\/yoast.com\/wordpress\/plugins\/seo\/ -->\n<title>SOINS VISAGE - Johairba<\/title>\n<meta name=\"description\" content=\"Beginning in 2004, We are a privately owned company that specializes in all-natural products to promote healthy skin, scalp, and hair. We understand and believe in the power of plants. We are inspired by organic agriculture and the ongoing struggle towards true sustainability.\" \/>\n<meta name=\"robots\" content=\"index, follow\" \/>\n<meta name=\"googlebot\" content=\"index, follow, max-snippet:-1, max-image-preview:large, max-video-preview:-1\" \/>\n<meta name=\"bingbot\" content=\"index, follow, max-snippet:-1, max-image-preview:large, max-video-preview:-1\" \/>\n<link rel=\"canonical\" href=\"https:\/\/johairba.com\/skin-and-face\/\" \/>\n<meta property=\"og:locale\" content=\"fr_FR\" \/>\n<meta property=\"og:type\" content=\"article\" \/>\n<meta property=\"og:title\" content=\"[:en]Face and body[:fr]SOINS VISAGE[:] - Johairba\" \/>\n<meta property=\"og:description\" content=\"Beginning in 2004, We are a privately owned company that specializes in all-natural products to promote healthy skin, scalp, and hair. We understand and believe in the power of plants. We are inspired by organic agriculture and the ongoing struggle towards true sustainability.\" \/>\n<meta property=\"og:url\" content=\"https:\/\/johairba.com\/skin-and-face\/\" \/>\n<meta property=\"og:site_name\" content=\"Johairba\" \/>\n<meta property=\"article:publisher\" content=\"https:\/\/www.facebook.com\/pages\/Johairba\/406542342741572\" \/>\n<meta property=\"article:modified_time\" content=\"2016-08-25T23:30:53+00:00\" \/>\n<meta property=\"og:image\" content=\"https:\/\/johairba.com\/wp-content\/uploads\/2015\/05\/freeimage-18521249-highsm.jpg\" \/>\n<script type=\"application\/ld+json\" class=\"yoast-schema-graph\">{\"@context\":\"https:\/\/schema.org\",\"@graph\":[{\"@type\":\"WebSite\",\"@id\":\"https:\/\/johairba.com\/fr\/#website\",\"url\":\"https:\/\/johairba.com\/fr\/\",\"name\":\"Johairba\",\"description\":\"Une source infinie de beaut\\u00e9\",\"potentialAction\":[{\"@type\":\"SearchAction\",\"target\":\"https:\/\/johairba.com\/fr\/?s={search_term_string}\",\"query-input\":\"required name=search_term_string\"}],\"inLanguage\":\"fr-FR\"},{\"@type\":\"ImageObject\",\"@id\":\"https:\/\/johairba.com\/skin-and-face\/#primaryimage\",\"inLanguage\":\"fr-FR\",\"url\":\"https:\/\/johairba.com\/wp-content\/uploads\/2015\/05\/freeimage-18521249-highsm.jpg\",\"width\":800,\"height\":533,\"caption\":\"cosmetic cream\"},{\"@type\":\"WebPage\",\"@id\":\"https:\/\/johairba.com\/skin-and-face\/#webpage\",\"url\":\"https:\/\/johairba.com\/skin-and-face\/\",\"name\":\"[:en]Face and body[:fr]SOINS VISAGE[:] - Johairba\",\"isPartOf\":{\"@id\":\"https:\/\/johairba.com\/fr\/#website\"},\"primaryImageOfPage\":{\"@id\":\"https:\/\/johairba.com\/skin-and-face\/#primaryimage\"},\"datePublished\":\"2014-11-17T15:28:17+00:00\",\"dateModified\":\"2016-08-25T23:30:53+00:00\",\"description\":\"Beginning in 2004, We are a privately owned company that specializes in all-natural products to promote healthy skin, scalp, and hair. We understand and believe in the power of plants. We are inspired by organic agriculture and the ongoing struggle towards true sustainability.\",\"inLanguage\":\"fr-FR\",\"potentialAction\":[{\"@type\":\"ReadAction\",\"target\":[\"https:\/\/johairba.com\/skin-and-face\/\"]}]}]}<\/script>\n<!-- \/ Yoast SEO plugin. -->","_links":{"self":[{"href":"https:\/\/johairba.com\/fr\/wp-json\/wp\/v2\/pages\/16","targetHints":{"allow":["GET"]}}],"collection":[{"href":"https:\/\/johairba.com\/fr\/wp-json\/wp\/v2\/pages"}],"about":[{"href":"https:\/\/johairba.com\/fr\/wp-json\/wp\/v2\/types\/page"}],"author":[{"embeddable":true,"href":"https:\/\/johairba.com\/fr\/wp-json\/wp\/v2\/users\/2"}],"replies":[{"embeddable":true,"href":"https:\/\/johairba.com\/fr\/wp-json\/wp\/v2\/comments?post=16"}],"version-history":[{"count":57,"href":"https:\/\/johairba.com\/fr\/wp-json\/wp\/v2\/pages\/16\/revisions"}],"predecessor-version":[{"id":1259,"href":"https:\/\/johairba.com\/fr\/wp-json\/wp\/v2\/pages\/16\/revisions\/1259"}],"wp:attachment":[{"href":"https:\/\/johairba.com\/fr\/wp-json\/wp\/v2\/media?parent=16"}],"curies":[{"name":"wp","href":"https:\/\/api.w.org\/{rel}","templated":true}]}}