{"id":256,"date":"2015-01-24T05:42:46","date_gmt":"2015-01-24T05:42:46","guid":{"rendered":"http:\/\/johairba.co.uk\/?page_id=256"},"modified":"2020-06-15T10:06:28","modified_gmt":"2020-06-15T10:06:28","slug":"johairbas-world-2","status":"publish","type":"page","link":"https:\/\/johairba.com\/fr\/johairbas-world-2\/","title":{"rendered":"LE MONDE DE JOHAIRBA"},"content":{"rendered":"<p><\/p>\n<div class=\"johairbas world page\">\n<h2><span style=\"color: #808080;\"><strong>Johairba combine le meilleur de la nature et vous pr\u00e9sente des produits innovants, s\u00fbrs et efficaces.<\/strong><\/span><strong>&nbsp;<\/strong><\/h2>\n<p><img loading=\"lazy\" decoding=\"async\" width=\"370\" height=\"554\" class=\"alignleft wp-image-44\" src=\"https:\/\/johairba.com\/wp-content\/uploads\/2014\/11\/johairba-bw-seedling-in-hands-e1431197507185.jpg\" alt=\"seedling grown organically and ethically for our products\"><span style=\"color: #808080;\"><strong>Nous sommes une soci\u00e9t\u00e9 priv\u00e9e constitu\u00e9e d&rsquo;une \u00e9quipe de sp\u00e9cialistes en Phyto-cosm\u00e9tologie et aromath\u00e9rapie qui croient en le pouvoir des plantes.<br \/>\n<\/strong><\/span><\/p>\n<p><span style=\"color: #808080;\"> Depuis 2004, nous avons travaill\u00e9 avec diligence pour cr\u00e9er des produits d&rsquo;une puret\u00e9 exceptionnelle et efficaces pour traiter le cuir chevelu et les cheveux. Johairba s\u2019autorise aucun compromis, c\u2019est avant tout l\u2019assurance d\u2019un haut niveau de qualit\u00e9. Celui-ci est mis en oeuvre au quotidien par tous les acteurs de l\u2019entreprise, de la s\u00e9lection des meilleures mati\u00e8res premi\u00e8res, \u00e0 la fabrication d&rsquo;un traitement efficace.<\/span><\/p>\n<h2><\/h2>\n<h2><span style=\"color: #808080;\"><strong>Johairba anime son d\u00e9veloppement dans le respect de ses valeurs fondatrices : l\u2019\u00e9coute, le respect, la r\u00e9activit\u00e9 et l\u2019exigence de l\u2019excellence <\/strong><\/span><\/h2>\n<p><span style=\"color: #808080;\"> Pourquoi utiliser quelque chose de synth\u00e9tique quand le naturel fonctionne tellement mieux? C&rsquo;est la philosophie derri\u00e8re le traitement de Johairba. Cette id\u00e9e simple a \u00e9t\u00e9 tronc de notre entreprise pionni\u00e8re depuis le d\u00e9but. Lisez la composition de nos produits, vous trouverez que les meilleurs plantes m\u00e9dicinales et extraits de plantes dans leur forme la plus naturelle, et sans additifs synth\u00e9tiques ou p\u00e9trochimiques de toute nature. Les pratiques commerciales \u00e9cologiques sont extr\u00eamement importantes pour nous. Nous utilisons seulement des ingr\u00e9dients biologiques du commerce \u00e9quitable qui sont \u00e0 base de plantes, durable et \u00e9thique de source. Nos produits sont respectueux de l&rsquo;environnement, biod\u00e9gradables  et biensure aucun de nos produits sont test\u00e9s sur les animaux.<\/span><\/p>\n<h2 style=\"text-align: left;\"><span style=\"color: #808080;\"><\/span><\/h2>\n<p>&nbsp;<\/p>\n<div class=\"blue-btn\"><a class=\"first-link\">Une source infinie de beaut\u00e9<\/a><a>A natural solution for healthy skin and hair<\/a><\/div>\n<hr style=\"border: none; height: 1px; width: 800px; color: black;\">\n<p style=\"text-align: center;\"><span style=\"color: #e2e0e0; font-family: Verdana; font-size: 48px; font-style: normal; font-weight: bold;\">Johairba<\/span><\/p>\n<\/div>\n<p><\/p>","protected":false},"excerpt":{"rendered":"<p>Johairba combine le meilleur de la nature et vous pr\u00e9sente des produits innovants, s\u00fbrs et efficaces.&nbsp; Nous sommes une soci\u00e9t\u00e9 priv\u00e9e constitu\u00e9e d&rsquo;une \u00e9quipe de sp\u00e9cialistes en Phyto-cosm\u00e9tologie et aromath\u00e9rapie qui croient en le pouvoir des plantes. Depuis 2004, nous avons travaill\u00e9 avec diligence pour cr\u00e9er des produits d&rsquo;une puret\u00e9\u2026<\/p>\n<p> <a class=\"continue-reading-link\" href=\"https:\/\/johairba.com\/fr\/johairbas-world-2\/\"><span>Continue reading<\/span><i class=\"icon-right-dir\"><\/i><\/a><\/p>\n","protected":false},"author":2,"featured_media":0,"parent":0,"menu_order":0,"comment_status":"closed","ping_status":"closed","template":"","meta":{"footnotes":""},"class_list":["post-256","page","type-page","status-publish","hentry"],"yoast_head":"<!-- This site is optimized with the Yoast SEO plugin v14.2 - https:\/\/yoast.com\/wordpress\/plugins\/seo\/ -->\n<title>LE MONDE DE JOHAIRBA - Johairba<\/title>\n<meta name=\"description\" content=\"We combined the best of nature with our expertise for innovative, safe and effective products. Beginning in 2004. Baby Hair Products\" \/>\n<meta name=\"robots\" content=\"index, follow\" \/>\n<meta name=\"googlebot\" content=\"index, follow, max-snippet:-1, max-image-preview:large, max-video-preview:-1\" \/>\n<meta name=\"bingbot\" content=\"index, follow, max-snippet:-1, max-image-preview:large, max-video-preview:-1\" \/>\n<link rel=\"canonical\" href=\"https:\/\/johairba.com\/johairbas-world-2\/\" \/>\n<meta property=\"og:locale\" content=\"fr_FR\" \/>\n<meta property=\"og:type\" content=\"article\" \/>\n<meta property=\"og:title\" content=\"[:en]JOHAIRBA&#039;S WORLD[:fr]LE MONDE DE JOHAIRBA[:] - Johairba\" \/>\n<meta property=\"og:description\" content=\"We combined the best of nature with our expertise for innovative, safe and effective products. Beginning in 2004. Baby Hair Products\" \/>\n<meta property=\"og:url\" content=\"https:\/\/johairba.com\/johairbas-world-2\/\" \/>\n<meta property=\"og:site_name\" content=\"Johairba\" \/>\n<meta property=\"article:publisher\" content=\"https:\/\/www.facebook.com\/pages\/Johairba\/406542342741572\" \/>\n<meta property=\"article:modified_time\" content=\"2020-06-15T10:06:28+00:00\" \/>\n<meta property=\"og:image\" content=\"https:\/\/johairba.com\/wp-content\/uploads\/2014\/11\/johairba-bw-seedling-in-hands-e1431197507185.jpg\" \/>\n<script type=\"application\/ld+json\" class=\"yoast-schema-graph\">{\"@context\":\"https:\/\/schema.org\",\"@graph\":[{\"@type\":\"WebSite\",\"@id\":\"https:\/\/johairba.com\/fr\/#website\",\"url\":\"https:\/\/johairba.com\/fr\/\",\"name\":\"Johairba\",\"description\":\"Une source infinie de beaut\\u00e9\",\"potentialAction\":[{\"@type\":\"SearchAction\",\"target\":\"https:\/\/johairba.com\/fr\/?s={search_term_string}\",\"query-input\":\"required name=search_term_string\"}],\"inLanguage\":\"fr-FR\"},{\"@type\":\"ImageObject\",\"@id\":\"https:\/\/johairba.com\/johairbas-world-2\/#primaryimage\",\"inLanguage\":\"fr-FR\",\"url\":\"https:\/\/johairba.com\/wp-content\/uploads\/2014\/11\/johairba-bw-seedling-in-hands-e1431197507185.jpg\",\"width\":370,\"height\":554,\"caption\":\"johairba bw seedling in hands\"},{\"@type\":\"WebPage\",\"@id\":\"https:\/\/johairba.com\/johairbas-world-2\/#webpage\",\"url\":\"https:\/\/johairba.com\/johairbas-world-2\/\",\"name\":\"[:en]JOHAIRBA'S WORLD[:fr]LE MONDE DE JOHAIRBA[:] - Johairba\",\"isPartOf\":{\"@id\":\"https:\/\/johairba.com\/fr\/#website\"},\"primaryImageOfPage\":{\"@id\":\"https:\/\/johairba.com\/johairbas-world-2\/#primaryimage\"},\"datePublished\":\"2015-01-24T05:42:46+00:00\",\"dateModified\":\"2020-06-15T10:06:28+00:00\",\"description\":\"We combined the best of nature with our expertise for innovative, safe and effective products. Beginning in 2004. Baby Hair Products\",\"inLanguage\":\"fr-FR\",\"potentialAction\":[{\"@type\":\"ReadAction\",\"target\":[\"https:\/\/johairba.com\/johairbas-world-2\/\"]}]}]}<\/script>\n<!-- \/ Yoast SEO plugin. -->","_links":{"self":[{"href":"https:\/\/johairba.com\/fr\/wp-json\/wp\/v2\/pages\/256","targetHints":{"allow":["GET"]}}],"collection":[{"href":"https:\/\/johairba.com\/fr\/wp-json\/wp\/v2\/pages"}],"about":[{"href":"https:\/\/johairba.com\/fr\/wp-json\/wp\/v2\/types\/page"}],"author":[{"embeddable":true,"href":"https:\/\/johairba.com\/fr\/wp-json\/wp\/v2\/users\/2"}],"replies":[{"embeddable":true,"href":"https:\/\/johairba.com\/fr\/wp-json\/wp\/v2\/comments?post=256"}],"version-history":[{"count":22,"href":"https:\/\/johairba.com\/fr\/wp-json\/wp\/v2\/pages\/256\/revisions"}],"predecessor-version":[{"id":1602,"href":"https:\/\/johairba.com\/fr\/wp-json\/wp\/v2\/pages\/256\/revisions\/1602"}],"wp:attachment":[{"href":"https:\/\/johairba.com\/fr\/wp-json\/wp\/v2\/media?parent=256"}],"curies":[{"name":"wp","href":"https:\/\/api.w.org\/{rel}","templated":true}]}}