{"id":30,"date":"2014-11-17T16:59:11","date_gmt":"2014-11-17T16:59:11","guid":{"rendered":"http:\/\/johairba.co.uk\/?page_id=30"},"modified":"2016-08-25T23:32:49","modified_gmt":"2016-08-25T23:32:49","slug":"terms-and-conditions","status":"publish","type":"page","link":"https:\/\/johairba.com\/fr\/21-2\/terms-and-conditions\/","title":{"rendered":"POLITIQUE DE CONFIDENTIALIT\u00c9 ET CONDITIONS G\u00c9N\u00c9RALES"},"content":{"rendered":"<p>&nbsp;<\/p>\n<p class=\"p1\"><span class=\"c0\">\u00c0 PROPOS DE JOHAIRBA ET DE L\u2019UTILISATION DE NOS SITES WEB<\/span><\/p>\n<p class=\"p2\"><span class=\"c0\">\u00a0<\/span><\/p>\n<p class=\"p3\"><span class=\"c0\">Cher visiteur,<\/span><\/p>\n<p class=\"p4\">\n<p class=\"p5\"><span class=\"c0\">Johairba vous souhaite la bienvenue sur les sites web www.johairba.fr, www.johairba.co.uk et www.johairba.com \u00a0La protection de votre vie priv\u00e9e et la confiance que nos visiteurs et clients nous accordent sont nos priorit\u00e9s. Aussi vos donn\u00e9es personnelles sont-elles exclusivement trait\u00e9es conform\u00e9ment \u00e0 notre politique en mati\u00e8re de protection de la vie priv\u00e9e. Les pr\u00e9sentes conditions exposent avec la plus grande transparence la mani\u00e8re dont Johairba g\u00e8re (sauvegarde) des informations telles que les donn\u00e9es \u00e0 caract\u00e8re personnel. Elles reprennent \u00e9galement certaines r\u00e8gles relatives \u00e0 la responsabilit\u00e9 et \u00e0 la propri\u00e9t\u00e9 intellectuelle, ainsi que nos coordonn\u00e9es.<\/span><\/p>\n<p class=\"p6\"><span class=\"c0\">\u00a0<\/span><\/p>\n<p class=\"p7\"><span class=\"c0\">En visitant le site web de Johairba, vous marquez formellement votre accord avec notre politique de protection de la vie priv\u00e9e. Si vous ne souhaitez pas accepter nos conditions, nous vous demandons de ne pas continuer \u00e0 consulter notre site web ni \u00e0 utiliser nos services. Nous vous invitons \u00e0 lire attentivement les pr\u00e9sentes conditions avant de d\u00e9couvrir notre\/nos site(s) web ou d\u2019utiliser nos produits ou services.<\/span><\/p>\n<p class=\"p8\"><span class=\"c0\">\u00a0<\/span><\/p>\n<p class=\"p9\"><span class=\"c0\">DONN\u00c9ES \u00c0 CARACT\u00c8RE PERSONNEL<\/span><\/p>\n<p class=\"p10\"><span class=\"c0\">\u00a0<\/span><\/p>\n<p class=\"p11\"><span class=\"c0\">Les donn\u00e9es \u00e0 caract\u00e8re personnel sont les donn\u00e9es qui permettent d\u2019identifier une personne. Lorsque vous achetez un produit ou participez \u00e0 une action, Johairba peut vous demander vos donn\u00e9es personnelles telles que nom, adresse et num\u00e9ro de t\u00e9l\u00e9phone et les enregistrer dans un fichier. Le cas \u00e9ch\u00e9ant, nous avons pour principe d\u2019expliquer clairement dans quel but nous demandons vos coordonn\u00e9es et d\u2019obtenir votre consentement. \u00c0 d\u00e9faut de pr\u00e9cision, les informations sont collect\u00e9es dans l\u2019\/un des objectif(s) suivant(s) :<\/span><\/p>\n<p class=\"p12\"><span class=\"c0\">\u00a0<\/span><\/p>\n<p class=\"p13\"><span class=\"c0\">Utilisation des donn\u00e9es pour le fonctionnement technique du site web. Il s\u2019agit de donn\u00e9es que vous nous communiquez (volontairement) lorsque vous visitez notre site : adresse IP, appareil utilis\u00e9, type de navigateur, pr\u00e9f\u00e9rence linguistique et syst\u00e8me d\u2019exploitation. Ces donn\u00e9es sont conserv\u00e9es le temps de votre visite.<\/span><\/p>\n<p class=\"p14\"><span class=\"c0\">\u00a0<\/span><\/p>\n<p class=\"p15\"><span class=\"c0\">Si vous ne souhaitez plus recevoir d\u2019informations de la part de Johairba ou si vous souhaitez r\u00e9voquer votre consentement, vous pouvez toujours vous d\u00e9sinscrire au moyen du lien de d\u00e9sinscription qui figure dans nos e-mails, ou pr\u00e9venir Johairba par \u00e9crit, en envoyant un e-mail ou un courrier \u00e0 l\u2019adresse reprise dans les coordonn\u00e9es de Johairba.<\/span><\/p>\n<p class=\"p16\"><span class=\"c0\">\u00a0<\/span><\/p>\n<p class=\"p17\"><span class=\"c0\">COOKIES<\/span><\/p>\n<p class=\"p18\"><span class=\"c0\">\u00a0<\/span><\/p>\n<p class=\"p19\"><span class=\"c0\">Un cookie est un fichier informatif qui est install\u00e9 par un site web (serveur) sur votre ordinateur, tablette ou t\u00e9l\u00e9phone lorsque vous consultez notre site web. Par le simple fait de visiter notre site, de cliquer sur des liens ou rubriques, ou de continuer \u00e0 surfer sur ce site web, vous consentez express\u00e9ment \u00e0 l\u2019utilisation des cookies telle qu\u2019elle figure dans la pr\u00e9sente politique de protection de la vie priv\u00e9e.<\/span><\/p>\n<p class=\"p20\"><span class=\"c0\">\u00a0<\/span><\/p>\n<p class=\"p21\"><span class=\"c0\">Johairba a recours \u00e0 des services de tiers, entre autres Google Inc., afin d\u2019effectuer les analyses relatives au site web. Google Inc. peut \u00e9galement installer des cookies sur votre ordinateur. Le cookie fournit des informations concernant votre visite sur le site, mais Johairba ne peut en aucun cas \u00e9tablir de liens directs permettant de vous identifier en tant qu\u2019individu. En sa qualit\u00e9 de fournisseur de services, Google a la possibilit\u00e9 d\u2019identifier l\u2019appareil avec lequel vous visitez le site web. Les r\u00e9sultats que nous recevons concernant votre visite sur notre site nous permettent d\u2019optimiser ce dernier.<\/span><\/p>\n<p class=\"p22\"><span class=\"c0\">\u00a0<\/span><\/p>\n<p class=\"p23\"><span class=\"c0\">PROPRI\u00c9T\u00c9 INTELLECTUELLE<\/span><\/p>\n<p class=\"p24\"><span class=\"c0\">\u00a0<\/span><\/p>\n<p class=\"p25\"><span class=\"c0\">Les informations et \u00e9l\u00e9ments sauvegard\u00e9s par Johairba et affich\u00e9s sur son site sont la propri\u00e9t\u00e9 de Johairba. Tous les droits de propri\u00e9t\u00e9 intellectuelle, \u00e0 l\u2019inclusion des droits d\u2019auteur mais sans se limiter \u00e0 ces derniers, qui reposent ou non sur le contenu de ce site web, sont express\u00e9ment r\u00e9serv\u00e9s \u00e0 Johairba ou aux ayants droit qui ont autoris\u00e9 Johairba \u00e0 utiliser les informations. Les informations, \u00e9l\u00e9ments ou parties de ce site web ne peuvent \u00eatre reproduits ou divulgu\u00e9s, sous quelque forme ou par quelque moyen que ce soit, ni \u00eatre sauvegard\u00e9s dans un fichier (de donn\u00e9es) automatis\u00e9, sans l\u2019autorisation \u00e9crite pr\u00e9alable de Johairba.<\/span><\/p>\n<p class=\"p26\"><span class=\"c0\">\u00a0<\/span><\/p>\n<p class=\"p27\"><span class=\"c0\">CLAUSE DE NON-RESPONSABILIT\u00c9<\/span><\/p>\n<p class=\"p28\"><span class=\"c0\">\u00a0<\/span><\/p>\n<p class=\"p29\"><span class=\"c0\">Bien que Johairba apporte le plus grand soin \u00e0 son site web et s\u2019efforce de diffuser des informations exactes et actuelles, nous ne pouvons garantir l\u2019exactitude ou l\u2019exhaustivit\u00e9 de notre site web et de son contenu \u00e0 tout moment.<\/span><\/p>\n<p class=\"p30\"><span class=\"c0\">\u00a0<\/span><\/p>\n<p class=\"p31\"><span class=\"c0\">LE SITE WEB ET SON CONTENU SONT PR\u00c9SENT\u00c9S EN L\u2019\u00c9TAT ET PEUVENT CONTENIR D\u2019\u00c9VENTUELLES ERREURS ET IMPR\u00c9CISIONS. JOHAIRBA NE PEUT GARANTIR L\u2019EXHAUSTIVIT\u00c9, L\u2019EXACTICTUDE, L\u2019ACCESSIBILIT\u00c9, LA NON-VIOLATION DES DROITS D\u2019AUTEUR OU LE CARACT\u00c8RE APPROPRI\u00c9 \u00c0 UNE UTILISATION SP\u00c9CIFIQUE DE SON SITE WEB OU DU CONTENU DE CE DERNIER. JOHAIRBA NE PEUT GARANTIR L\u2019ABSENCE, SUR SON SITE WEB OU DANS LE CONTENU DE CELUI-CI, DE VIRUS, DE VERS OU DE TOUT AUTRE CODE SUSCEPTIBLES D\u2019AVOIR UN EFFET DOMMAGEABLE. NI JOHAIRBA NI AUCUNE AUTRE ENTREPRISE LI\u00c9E \u00c0 JOHAIRBA NI AUCUNE AUTRE PARTIE IMPLIQU\u00c9E DANS LA CR\u00c9ATION OU L\u2019H\u00c9BERGEMENT DE CE SITE WEB OU DE SON CONTENU NE PEUVENT \u00caTRE TENUS RESPONSABLES DE TOUT DOMMAGE DIRECT, ACCESSOIRE, INDIRECT OU AUTRE R\u00c9SULTANT DE L\u2019ACC\u00c8S \u00c0 CE SITE WEB OU \u00c0 SON CONTENU, DE L\u2019UTILISATION DE CE SITE OU DE L\u2019IMPOSSIBILIT\u00c9 DE L\u2019UTILISER, DE LA CONFIANCE accord\u00e9e \u00e0 ce site web ou \u00e0 son contenu OU DE TOUTE ERREUR OU OMISSION DANS LE SITE WEB OU SON CONTENU.<\/span><\/p>\n<p class=\"p32\"><span class=\"c0\">\u00a0<\/span><\/p>\n<p class=\"p33\"><span class=\"c0\">Johairba se r\u00e9serve le droit de rectifier et\/ou de modifier \u00e0 tout moment les informations fournies sur le site web et les pr\u00e9sentes conditions g\u00e9n\u00e9rales. Nous veillons \u00e0 vous informer par e-mail des \u00e9ventuelles modifications importantes susceptibles d\u2019influencer consid\u00e9rablement la mani\u00e8re dont nous utilisons vos informations. Nous encourageons toutefois nos visiteurs \u00e0 g\u00e9rer leur vie priv\u00e9e de mani\u00e8re responsable et \u00e0 v\u00e9rifier r\u00e9guli\u00e8rement si notre politique de protection de la vie priv\u00e9e a \u00e9t\u00e9 modifi\u00e9e et \u00e0 modifier leurs pr\u00e9f\u00e9rences s\u2019ils le souhaitent.<\/span><\/p>\n<p class=\"p34\"><span class=\"c0\">\u00a0<\/span><\/p>\n<p class=\"p35\"><span class=\"c0\">\u00a0<\/span><\/p>\n<p class=\"p36\"><span class=\"c0\">COORDONN\u00c9ES DE JOHAIRBA<\/span><\/p>\n<p class=\"p37\"><span class=\"c0\">\u00a0<\/span><\/p>\n<p class=\"p38\"><span class=\"c0\">Pour toute question relative \u00e0 ce qui pr\u00e9c\u00e8de ou \u00e0 notre site web, merci de vous adresser \u00e0:\u00a0<\/span><\/p>\n<p class=\"p39\"><span class=\"c0\">160 City Rd, Londres\u00a0<\/span><\/p>\n<p class=\"p40\"><span class=\"c0\">EC1V 2DW<\/span><\/p>\n<p class=\"p41\"><span class=\"c0\">Royaume-Uni<\/span><\/p>\n<p class=\"p42\"><span class=\"c0\">Company No. 2323945 JE Limited<\/span><\/p>\n<p class=\"p43\"><span class=\"c0\">\u00a0<\/span><\/p>\n<p class=\"p44\"><span class=\"c0\">\u00a0<\/span><\/p>\n<p class=\"p45\"><span class=\"c0\">E-mail : info@johairba.com<\/span><\/p>\n<p><\/p>","protected":false},"excerpt":{"rendered":"<p>&nbsp; \u00c0 PROPOS DE JOHAIRBA ET DE L\u2019UTILISATION DE NOS SITES WEB \u00a0 Cher visiteur, Johairba vous souhaite la bienvenue sur les sites web www.johairba.fr, www.johairba.co.uk et www.johairba.com \u00a0La protection de votre vie priv\u00e9e et la confiance que nos visiteurs et clients nous accordent sont nos priorit\u00e9s. Aussi vos donn\u00e9es\u2026<\/p>\n<p> <a class=\"continue-reading-link\" href=\"https:\/\/johairba.com\/fr\/21-2\/terms-and-conditions\/\"><span>Continue reading<\/span><i class=\"icon-right-dir\"><\/i><\/a><\/p>\n","protected":false},"author":2,"featured_media":0,"parent":21,"menu_order":7,"comment_status":"closed","ping_status":"closed","template":"templates\/template-onecolumn.php","meta":{"footnotes":""},"class_list":["post-30","page","type-page","status-publish","hentry"],"yoast_head":"<!-- This site is optimized with the Yoast SEO plugin v14.2 - https:\/\/yoast.com\/wordpress\/plugins\/seo\/ -->\n<title>POLITIQUE DE CONFIDENTIALIT\u00c9 ET CONDITIONS G\u00c9N\u00c9RALES - Johairba<\/title>\n<meta name=\"description\" content=\"Beginning in 2004, We are a privately owned company that specializes in all-natural products to promote healthy skin, scalp, and hair. We understand and believe in the power of plants. We are inspired by organic agriculture and the ongoing struggle towards true sustainability.\" \/>\n<meta name=\"robots\" content=\"index, follow\" \/>\n<meta name=\"googlebot\" content=\"index, follow, max-snippet:-1, max-image-preview:large, max-video-preview:-1\" \/>\n<meta name=\"bingbot\" content=\"index, follow, max-snippet:-1, max-image-preview:large, max-video-preview:-1\" \/>\n<link rel=\"canonical\" href=\"https:\/\/johairba.com\/21-2\/terms-and-conditions\/\" \/>\n<meta property=\"og:locale\" content=\"fr_FR\" \/>\n<meta property=\"og:type\" content=\"article\" \/>\n<meta property=\"og:title\" content=\"[:en]Terms and Conditions[:fr]POLITIQUE DE CONFIDENTIALIT\u00c9 ET CONDITIONS G\u00c9N\u00c9RALES[:] - Johairba\" \/>\n<meta property=\"og:description\" content=\"Beginning in 2004, We are a privately owned company that specializes in all-natural products to promote healthy skin, scalp, and hair. We understand and believe in the power of plants. We are inspired by organic agriculture and the ongoing struggle towards true sustainability.\" \/>\n<meta property=\"og:url\" content=\"https:\/\/johairba.com\/21-2\/terms-and-conditions\/\" \/>\n<meta property=\"og:site_name\" content=\"Johairba\" \/>\n<meta property=\"article:publisher\" content=\"https:\/\/www.facebook.com\/pages\/Johairba\/406542342741572\" \/>\n<meta property=\"article:modified_time\" content=\"2016-08-25T23:32:49+00:00\" \/>\n<script type=\"application\/ld+json\" class=\"yoast-schema-graph\">{\"@context\":\"https:\/\/schema.org\",\"@graph\":[{\"@type\":\"WebSite\",\"@id\":\"https:\/\/johairba.com\/fr\/#website\",\"url\":\"https:\/\/johairba.com\/fr\/\",\"name\":\"Johairba\",\"description\":\"Une source infinie de beaut\\u00e9\",\"potentialAction\":[{\"@type\":\"SearchAction\",\"target\":\"https:\/\/johairba.com\/fr\/?s={search_term_string}\",\"query-input\":\"required name=search_term_string\"}],\"inLanguage\":\"fr-FR\"},{\"@type\":\"WebPage\",\"@id\":\"https:\/\/johairba.com\/21-2\/terms-and-conditions\/#webpage\",\"url\":\"https:\/\/johairba.com\/21-2\/terms-and-conditions\/\",\"name\":\"[:en]Terms and Conditions[:fr]POLITIQUE DE CONFIDENTIALIT\\u00c9 ET CONDITIONS G\\u00c9N\\u00c9RALES[:] - Johairba\",\"isPartOf\":{\"@id\":\"https:\/\/johairba.com\/fr\/#website\"},\"datePublished\":\"2014-11-17T16:59:11+00:00\",\"dateModified\":\"2016-08-25T23:32:49+00:00\",\"description\":\"Beginning in 2004, We are a privately owned company that specializes in all-natural products to promote healthy skin, scalp, and hair. We understand and believe in the power of plants. We are inspired by organic agriculture and the ongoing struggle towards true sustainability.\",\"inLanguage\":\"fr-FR\",\"potentialAction\":[{\"@type\":\"ReadAction\",\"target\":[\"https:\/\/johairba.com\/21-2\/terms-and-conditions\/\"]}]}]}<\/script>\n<!-- \/ Yoast SEO plugin. -->","_links":{"self":[{"href":"https:\/\/johairba.com\/fr\/wp-json\/wp\/v2\/pages\/30","targetHints":{"allow":["GET"]}}],"collection":[{"href":"https:\/\/johairba.com\/fr\/wp-json\/wp\/v2\/pages"}],"about":[{"href":"https:\/\/johairba.com\/fr\/wp-json\/wp\/v2\/types\/page"}],"author":[{"embeddable":true,"href":"https:\/\/johairba.com\/fr\/wp-json\/wp\/v2\/users\/2"}],"replies":[{"embeddable":true,"href":"https:\/\/johairba.com\/fr\/wp-json\/wp\/v2\/comments?post=30"}],"version-history":[{"count":8,"href":"https:\/\/johairba.com\/fr\/wp-json\/wp\/v2\/pages\/30\/revisions"}],"predecessor-version":[{"id":1366,"href":"https:\/\/johairba.com\/fr\/wp-json\/wp\/v2\/pages\/30\/revisions\/1366"}],"up":[{"embeddable":true,"href":"https:\/\/johairba.com\/fr\/wp-json\/wp\/v2\/pages\/21"}],"wp:attachment":[{"href":"https:\/\/johairba.com\/fr\/wp-json\/wp\/v2\/media?parent=30"}],"curies":[{"name":"wp","href":"https:\/\/api.w.org\/{rel}","templated":true}]}}