{"id":302,"date":"2015-01-29T10:54:57","date_gmt":"2015-01-29T10:54:57","guid":{"rendered":"http:\/\/johairba.co.uk\/?page_id=302"},"modified":"2020-06-15T10:05:07","modified_gmt":"2020-06-15T10:05:07","slug":"free-consultation","status":"publish","type":"page","link":"https:\/\/johairba.com\/fr\/free-consultation\/","title":{"rendered":"CONSULTATION GRATUIT"},"content":{"rendered":"<p><\/p>\n<h1 class=\"p0\"><span class=\"c0\">Consultation personalis\u00e9<br \/>\n<img loading=\"lazy\" decoding=\"async\" class=\"alignright wp-image-429 size-full\" src=\"http:\/\/johairba.co.uk\/wp-content\/uploads\/2015\/01\/lavende.jpg\" alt=\"lavende\" width=\"400\" height=\"300\"><\/span><\/h1>\n<p class=\"p1\"><span class=\"c0\">L&rsquo;\u00e9tat de vos cheveux vous pr\u00e9occupe? Nous comprenons.<\/span><\/p>\n<p class=\"p3\"><span class=\"c0\">Cette consultation virtuelle a \u00e9t\u00e9 con\u00e7ue pour vous permettre de trouver l&rsquo;alternative capillaire qui vous conviendra le mieux.<\/span><\/p>\n<p class=\"p5\"><span class=\"c0\">En compl\u00e9tant ce questionnaire, vous nous aiderez \u00e0 en apprendre un peu plus sur votre perte de cheveux. <\/span><\/p>\n<p class=\"p6\" style=\"text-align: left;\"><span class=\"c0\">Nous serons ensuite en mesure d&rsquo;\u00e9tablir un diagnostic pr\u00e9liminaire, et de vous sugg\u00e9rer les alternatives&nbsp; capillaires adapt\u00e9es \u00e0 votre situation. <\/span><\/p>\n<p class=\"p8\"><span class=\"c0\">Soyez assur\u00e9 que cette consultation virtuelle sera trait\u00e9e en toute confidentialit\u00e9 et que nous ne d\u00e9voilerons aucune des informations ci-jointes \u00e0 une tierce partie. Notez aussi que cette consultation virtuelle ainsi que les commentaires re\u00e7us suite \u00e0 sa compl\u00e9tion ne peuvent en aucun cas remplacer une consultation en personne chez le medecin.<\/span><\/p>\n<p class=\"p11\"><span class=\"c0\">Johairba traite votre information en toute confidentialit\u00e9. <\/span><\/p>\n<p class=\"p13\"><span class=\"c0\">&nbsp;\u00ab\u00a0Je comprends que l&rsquo;information fournie avec cette Consultation Virtuelle sera trait\u00e9e en toute confidentialit\u00e9 et ne sera pas distribu\u00e9e, vendue ou utilis\u00e9e pour d&rsquo;autres raisons que pour permettre Johairba de communiquer avec moi\u00a0\u00bb. <\/span><\/p>\n<p style=\"text-align: center;\"><div role=\"form\" class=\"wpcf7\" id=\"wpcf7-f371-o2\" lang=\"en-US\" dir=\"ltr\">\n<div class=\"screen-reader-response\" aria-live=\"polite\"><\/div>\n<form action=\"\/fr\/wp-json\/wp\/v2\/pages\/302#wpcf7-f371-o2\" method=\"post\" class=\"wpcf7-form\" novalidate=\"novalidate\">\n<div style=\"display: none;\">\n<input type=\"hidden\" name=\"_wpcf7\" value=\"371\" \/>\n<input type=\"hidden\" name=\"_wpcf7_version\" value=\"5.1.9\" \/>\n<input type=\"hidden\" name=\"_wpcf7_locale\" value=\"en_US\" \/>\n<input type=\"hidden\" name=\"_wpcf7_unit_tag\" value=\"wpcf7-f371-o2\" \/>\n<input type=\"hidden\" name=\"_wpcf7_container_post\" value=\"0\" \/>\n<\/div>\n<div align=\"center\">\n<p>Nom (requis)<br \/>\n    <span class=\"wpcf7-form-control-wrap your-name\"><input type=\"text\" name=\"your-name\" value=\"\" size=\"40\" class=\"wpcf7-form-control wpcf7-text wpcf7-validates-as-required\" aria-required=\"true\" aria-invalid=\"false\" \/><\/span> <\/p>\n<p>Votre Email (requis)<br \/>\n    <span class=\"wpcf7-form-control-wrap your-email\"><input type=\"email\" name=\"your-email\" value=\"\" size=\"40\" class=\"wpcf7-form-control wpcf7-text wpcf7-email wpcf7-validates-as-required wpcf7-validates-as-email\" aria-required=\"true\" aria-invalid=\"false\" \/><\/span> <\/p>\n<p>Confirmation adresse Email (requis)<br \/>\n    <span class=\"wpcf7-form-control-wrap your-email\"><input type=\"email\" name=\"your-email\" value=\"\" size=\"40\" class=\"wpcf7-form-control wpcf7-text wpcf7-email wpcf7-validates-as-required wpcf7-validates-as-email\" aria-required=\"true\" aria-invalid=\"false\" \/><\/span> <\/p>\n<p><span class=\"wpcf7-form-control-wrap checkbox-105\"><span class=\"wpcf7-form-control wpcf7-checkbox\"><span class=\"wpcf7-list-item first\"><input type=\"checkbox\" name=\"checkbox-105[]\" value=\"Homme\" \/><span class=\"wpcf7-list-item-label\">Homme<\/span><\/span><span class=\"wpcf7-list-item last\"><input type=\"checkbox\" name=\"checkbox-105[]\" value=\"Femme\" \/><span class=\"wpcf7-list-item-label\">Femme<\/span><\/span><\/span><\/span><\/p>\n<p>Quelle est votre histoire de la perte des cheveux?<br \/>\n<span class=\"wpcf7-form-control-wrap Hairlosshistory\"><input type=\"text\" name=\"Hairlosshistory\" value=\"\" size=\"40\" class=\"wpcf7-form-control wpcf7-text\" aria-invalid=\"false\" \/><\/span><\/p>\n<p>Quel \u00e2ge avez-vous?<br \/>\n<span class=\"wpcf7-form-control-wrap Age\"><input type=\"number\" name=\"Age\" value=\"\" class=\"wpcf7-form-control wpcf7-number wpcf7-validates-as-number\" min=\"16\" max=\"110\" step=\"1\" aria-invalid=\"false\" \/><\/span><\/p>\n<p>Combien de cheveux avez vous perdu?<br \/>\n<span class=\"wpcf7-form-control-wrap checkbox-210\"><span class=\"wpcf7-form-control wpcf7-checkbox\" id=\"Areyouexperiencinghairloss\"><span class=\"wpcf7-list-item first\"><input type=\"checkbox\" name=\"checkbox-210[]\" value=\"Moins de 25%\" \/><span class=\"wpcf7-list-item-label\">Moins de 25%<\/span><\/span><span class=\"wpcf7-list-item\"><input type=\"checkbox\" name=\"checkbox-210[]\" value=\"25% \u00e0 50%\" \/><span class=\"wpcf7-list-item-label\">25% \u00e0 50%<\/span><\/span><span class=\"wpcf7-list-item\"><input type=\"checkbox\" name=\"checkbox-210[]\" value=\"50% \u00e0 75%\" \/><span class=\"wpcf7-list-item-label\">50% \u00e0 75%<\/span><\/span><span class=\"wpcf7-list-item\"><input type=\"checkbox\" name=\"checkbox-210[]\" value=\"plus de 75%\" \/><span class=\"wpcf7-list-item-label\">plus de 75%<\/span><\/span><span class=\"wpcf7-list-item\"><input type=\"checkbox\" name=\"checkbox-210[]\" value=\"D\u00e9but de chute\" \/><span class=\"wpcf7-list-item-label\">D\u00e9but de chute<\/span><\/span><span class=\"wpcf7-list-item last\"><input type=\"checkbox\" name=\"checkbox-210[]\" value=\"Pas de chute\" \/><span class=\"wpcf7-list-item-label\">Pas de chute<\/span><\/span><\/span><\/span><\/p>\n<p>Avez vous d\u00e9j\u00e0 essay\u00e9 des traitements anti-chute?<br \/>\n<span class=\"wpcf7-form-control-wrap Previoustreatments\"><input type=\"text\" name=\"Previoustreatments\" value=\"\" size=\"40\" class=\"wpcf7-form-control wpcf7-text\" aria-invalid=\"false\" \/><\/span><\/p>\n<p>Quel est votre type de cheveux ?<br \/>\n<span class=\"wpcf7-form-control-wrap Isyourhairtype\"><span class=\"wpcf7-form-control wpcf7-checkbox\"><span class=\"wpcf7-list-item first\"><input type=\"checkbox\" name=\"Isyourhairtype...[]\" value=\"Caucasien\" \/><span class=\"wpcf7-list-item-label\">Caucasien<\/span><\/span><span class=\"wpcf7-list-item\"><input type=\"checkbox\" name=\"Isyourhairtype...[]\" value=\"Africain\" \/><span class=\"wpcf7-list-item-label\">Africain<\/span><\/span><span class=\"wpcf7-list-item last\"><input type=\"checkbox\" name=\"Isyourhairtype...[]\" value=\"Asiatique\" \/><span class=\"wpcf7-list-item-label\">Asiatique<\/span><\/span><\/span><\/span><\/p>\n<p>Pensez vous avoir une vie stressante?<br \/>\n<span class=\"wpcf7-form-control-wrap checkbox-799\"><span class=\"wpcf7-form-control wpcf7-checkbox\"><span class=\"wpcf7-list-item first\"><input type=\"checkbox\" name=\"checkbox-799[]\" value=\"Oui\" \/><span class=\"wpcf7-list-item-label\">Oui<\/span><\/span><span class=\"wpcf7-list-item last\"><input type=\"checkbox\" name=\"checkbox-799[]\" value=\"Non\" \/><span class=\"wpcf7-list-item-label\">Non<\/span><\/span><\/span><\/span><\/p>\n<p>Travaillez-vous dans un environnement qui vous expose \u00e0 des produits chimiques quotidiennement?<br \/>\n<span class=\"wpcf7-form-control-wrap chemicals\"><span class=\"wpcf7-form-control wpcf7-checkbox\"><span class=\"wpcf7-list-item first\"><input type=\"checkbox\" name=\"chemicals[]\" value=\"Oui\" \/><span class=\"wpcf7-list-item-label\">Oui<\/span><\/span><span class=\"wpcf7-list-item last\"><input type=\"checkbox\" name=\"chemicals[]\" value=\"Non\" \/><span class=\"wpcf7-list-item-label\">Non<\/span><\/span><\/span><\/span><\/p>\n<p>Quel produit(s) utilisez-vous sur vos cheveux? Shampooing, Gel, Coloration, Savon, Creme...<br \/>\n<span class=\"wpcf7-form-control-wrap hairproducts\"><span class=\"wpcf7-form-control wpcf7-checkbox\"><span class=\"wpcf7-list-item first\"><input type=\"checkbox\" name=\"hairproducts[]\" value=\"Oui\" \/><span class=\"wpcf7-list-item-label\">Oui<\/span><\/span><span class=\"wpcf7-list-item last\"><input type=\"checkbox\" name=\"hairproducts[]\" value=\"Non\" \/><span class=\"wpcf7-list-item-label\">Non<\/span><\/span><\/span><\/span><\/p>\n<p>Si vous avez r\u00e9pondu oui, lesquelles<br \/>\n<span class=\"wpcf7-form-control-wrap chemicalshairslist\"><textarea name=\"chemicalshairslist\" cols=\"40\" rows=\"10\" class=\"wpcf7-form-control wpcf7-textarea\" aria-invalid=\"false\"><\/textarea><\/span><\/p>\n<p>Souffrez-vous d'une ou plusieurs de ces conditions?<br \/>\n<span class=\"wpcf7-form-control-wrap medicalconditions\"><select name=\"medicalconditions\" class=\"wpcf7-form-control wpcf7-select\" aria-invalid=\"false\"><option value=\"An\u00e9mie\">An\u00e9mie<\/option><option value=\"Un d\u00e9s\u00e9quilibre hormonal\">Un d\u00e9s\u00e9quilibre hormonal<\/option><option value=\"Troubles thyro\u00efdiens\">Troubles thyro\u00efdiens<\/option><option value=\"Diab\u00e8te\">Diab\u00e8te<\/option><option value=\"Probl\u00e8mes de foie\">Probl\u00e8mes de foie<\/option><option value=\"Migraines\">Migraines<\/option><option value=\"La maladie de Crohn\">La maladie de Crohn<\/option><option value=\"D\u00e9pression\">D\u00e9pression<\/option><option value=\"Endom\u00e9triose\">Endom\u00e9triose<\/option><option value=\"Insuffisance r\u00e9nale\">Insuffisance r\u00e9nale<\/option><option value=\"Syndrome des ovaires polykystiques\">Syndrome des ovaires polykystiques<\/option><option value=\"Aucun\">Aucun<\/option><\/select><\/span><\/p>\n<p>Une autre maladie? <br \/>\n<span class=\"wpcf7-form-control-wrap otherconditions\"><textarea name=\"otherconditions\" cols=\"40\" rows=\"10\" class=\"wpcf7-form-control wpcf7-textarea\" aria-invalid=\"false\"><\/textarea><\/span><\/p>\n<p>Type de nutrition<br \/>\n<span class=\"wpcf7-form-control-wrap diet\"><select name=\"diet\" class=\"wpcf7-form-control wpcf7-select\" aria-invalid=\"false\"><option value=\"De tout\">De tout<\/option><option value=\"lacto v\u00e9g\u00e9tarien\">lacto v\u00e9g\u00e9tarien<\/option><option value=\"Piscatarien (Poisson-v\u00e9g\u00e9tarien)\">Piscatarien (Poisson-v\u00e9g\u00e9tarien)<\/option><option value=\"V\u00e9g\u00e9talien\">V\u00e9g\u00e9talien<\/option><option value=\"Autre\">Autre<\/option><\/select><\/span><\/p>\n<p>Votre poids a t-il chang\u00e9 au cours des 12 derniers mois?<br \/>\n<span class=\"wpcf7-form-control-wrap weight\"><span class=\"wpcf7-form-control wpcf7-checkbox\"><span class=\"wpcf7-list-item first\"><input type=\"checkbox\" name=\"weight[]\" value=\"Oui\" \/><span class=\"wpcf7-list-item-label\">Oui<\/span><\/span><span class=\"wpcf7-list-item last\"><input type=\"checkbox\" name=\"weight[]\" value=\"Non\" \/><span class=\"wpcf7-list-item-label\">Non<\/span><\/span><\/span><\/span><\/p>\n<p>Autre informations que vous voudriez ajouter?<br \/>\n<span class=\"wpcf7-form-control-wrap otherdetails\"><textarea name=\"otherdetails\" cols=\"40\" rows=\"10\" class=\"wpcf7-form-control wpcf7-textarea\" aria-invalid=\"false\"><\/textarea><\/span><\/p>\n<p><input type=\"submit\" value=\"Envoyer\" class=\"wpcf7-form-control wpcf7-submit\" \/><\/p>\n<\/div>\n<div class=\"wpcf7-response-output wpcf7-display-none\" aria-hidden=\"true\"><\/div><\/form><\/div><\/p>\n<div class=\"blue-btn\"><a class=\"first-link\">Une source infinie de beaut\u00e9<\/a><a>A natural solution for healthy skin and hair<\/a><\/div>\n<hr style=\"border: none; height: 1px; width: 800px; color: black;\">\n<p style=\"text-align: center;\"><span style=\"color: #e2e0e0; font-family: Verdana; font-size: 48px; font-style: normal; font-weight: bold;\">Johairba<\/span><\/p>\n<p><\/p>","protected":false},"excerpt":{"rendered":"<p>Consultation personalis\u00e9 L&rsquo;\u00e9tat de vos cheveux vous pr\u00e9occupe? Nous comprenons. Cette consultation virtuelle a \u00e9t\u00e9 con\u00e7ue pour vous permettre de trouver l&rsquo;alternative capillaire qui vous conviendra le mieux. En compl\u00e9tant ce questionnaire, vous nous aiderez \u00e0 en apprendre un peu plus sur votre perte de cheveux. Nous serons ensuite en\u2026<\/p>\n<p> <a class=\"continue-reading-link\" href=\"https:\/\/johairba.com\/fr\/free-consultation\/\"><span>Continue reading<\/span><i class=\"icon-right-dir\"><\/i><\/a><\/p>\n","protected":false},"author":2,"featured_media":0,"parent":0,"menu_order":0,"comment_status":"closed","ping_status":"closed","template":"","meta":{"footnotes":""},"class_list":["post-302","page","type-page","status-publish","hentry"],"yoast_head":"<!-- This site is optimized with the Yoast SEO plugin v14.2 - https:\/\/yoast.com\/wordpress\/plugins\/seo\/ -->\n<title>CONSULTATION GRATUIT - Johairba<\/title>\n<meta name=\"description\" content=\"Beginning in 2004, We are a privately owned company that specializes in all-natural products to promote healthy skin, scalp, and hair. We understand and believe in the power of plants. We are inspired by organic agriculture and the ongoing struggle towards true sustainability.\" \/>\n<meta name=\"robots\" content=\"index, follow\" \/>\n<meta name=\"googlebot\" content=\"index, follow, max-snippet:-1, max-image-preview:large, max-video-preview:-1\" \/>\n<meta name=\"bingbot\" content=\"index, follow, max-snippet:-1, max-image-preview:large, max-video-preview:-1\" \/>\n<link rel=\"canonical\" href=\"https:\/\/johairba.com\/free-consultation\/\" \/>\n<meta property=\"og:locale\" content=\"fr_FR\" \/>\n<meta property=\"og:type\" content=\"article\" \/>\n<meta property=\"og:title\" content=\"[:en]FREE CONSULTATION[:fr]CONSULTATION GRATUIT[:] - Johairba\" \/>\n<meta property=\"og:description\" content=\"Beginning in 2004, We are a privately owned company that specializes in all-natural products to promote healthy skin, scalp, and hair. We understand and believe in the power of plants. We are inspired by organic agriculture and the ongoing struggle towards true sustainability.\" \/>\n<meta property=\"og:url\" content=\"https:\/\/johairba.com\/free-consultation\/\" \/>\n<meta property=\"og:site_name\" content=\"Johairba\" \/>\n<meta property=\"article:publisher\" content=\"https:\/\/www.facebook.com\/pages\/Johairba\/406542342741572\" \/>\n<meta property=\"article:modified_time\" content=\"2020-06-15T10:05:07+00:00\" \/>\n<meta property=\"og:image\" content=\"https:\/\/johairba.com\/wp-content\/uploads\/2015\/01\/lavende-e1430161085827-300x225.jpg\" \/>\n<script type=\"application\/ld+json\" class=\"yoast-schema-graph\">{\"@context\":\"https:\/\/schema.org\",\"@graph\":[{\"@type\":\"WebSite\",\"@id\":\"https:\/\/johairba.com\/fr\/#website\",\"url\":\"https:\/\/johairba.com\/fr\/\",\"name\":\"Johairba\",\"description\":\"Une source infinie de beaut\\u00e9\",\"potentialAction\":[{\"@type\":\"SearchAction\",\"target\":\"https:\/\/johairba.com\/fr\/?s={search_term_string}\",\"query-input\":\"required name=search_term_string\"}],\"inLanguage\":\"fr-FR\"},{\"@type\":\"ImageObject\",\"@id\":\"https:\/\/johairba.com\/free-consultation\/#primaryimage\",\"inLanguage\":\"fr-FR\",\"url\":\"https:\/\/johairba.com\/wp-content\/uploads\/2015\/01\/lavende-e1430161085827.jpg\",\"width\":400,\"height\":300,\"caption\":\"lavende johairba\"},{\"@type\":\"WebPage\",\"@id\":\"https:\/\/johairba.com\/free-consultation\/#webpage\",\"url\":\"https:\/\/johairba.com\/free-consultation\/\",\"name\":\"[:en]FREE CONSULTATION[:fr]CONSULTATION GRATUIT[:] - Johairba\",\"isPartOf\":{\"@id\":\"https:\/\/johairba.com\/fr\/#website\"},\"primaryImageOfPage\":{\"@id\":\"https:\/\/johairba.com\/free-consultation\/#primaryimage\"},\"datePublished\":\"2015-01-29T10:54:57+00:00\",\"dateModified\":\"2020-06-15T10:05:07+00:00\",\"description\":\"Beginning in 2004, We are a privately owned company that specializes in all-natural products to promote healthy skin, scalp, and hair. We understand and believe in the power of plants. We are inspired by organic agriculture and the ongoing struggle towards true sustainability.\",\"inLanguage\":\"fr-FR\",\"potentialAction\":[{\"@type\":\"ReadAction\",\"target\":[\"https:\/\/johairba.com\/free-consultation\/\"]}]}]}<\/script>\n<!-- \/ Yoast SEO plugin. -->","_links":{"self":[{"href":"https:\/\/johairba.com\/fr\/wp-json\/wp\/v2\/pages\/302","targetHints":{"allow":["GET"]}}],"collection":[{"href":"https:\/\/johairba.com\/fr\/wp-json\/wp\/v2\/pages"}],"about":[{"href":"https:\/\/johairba.com\/fr\/wp-json\/wp\/v2\/types\/page"}],"author":[{"embeddable":true,"href":"https:\/\/johairba.com\/fr\/wp-json\/wp\/v2\/users\/2"}],"replies":[{"embeddable":true,"href":"https:\/\/johairba.com\/fr\/wp-json\/wp\/v2\/comments?post=302"}],"version-history":[{"count":89,"href":"https:\/\/johairba.com\/fr\/wp-json\/wp\/v2\/pages\/302\/revisions"}],"predecessor-version":[{"id":1600,"href":"https:\/\/johairba.com\/fr\/wp-json\/wp\/v2\/pages\/302\/revisions\/1600"}],"wp:attachment":[{"href":"https:\/\/johairba.com\/fr\/wp-json\/wp\/v2\/media?parent=302"}],"curies":[{"name":"wp","href":"https:\/\/api.w.org\/{rel}","templated":true}]}}