{"id":597,"date":"2015-05-05T20:52:43","date_gmt":"2015-05-05T20:52:43","guid":{"rendered":"http:\/\/johairba.co.uk\/?page_id=597"},"modified":"2016-08-25T23:25:52","modified_gmt":"2016-08-25T23:25:52","slug":"francais-termoinages","status":"publish","type":"page","link":"https:\/\/johairba.com\/fr\/francais-termoinages\/","title":{"rendered":"TEMOINAGES"},"content":{"rendered":"<p><\/p>\n<h1 style=\"text-align:left; font-size:38px; font-weight:bold;\">T\u00e9moinages<\/h1>\n<p><img loading=\"lazy\" decoding=\"async\" src=\"http:\/\/johairba.co.uk\/wp-content\/uploads\/2015\/05\/lavender-300x167.jpg\" alt=\"lavender\" width=\"300\" height=\"167\" class=\"alignright border:1px solidwhite filter:blur4px size-medium wp-image-603\" srcset=\"https:\/\/johairba.com\/wp-content\/uploads\/2015\/05\/lavender-300x167.jpg 300w, https:\/\/johairba.com\/wp-content\/uploads\/2015\/05\/lavender-250x139.jpg 250w, https:\/\/johairba.com\/wp-content\/uploads\/2015\/05\/lavender-150x84.jpg 150w, https:\/\/johairba.com\/wp-content\/uploads\/2015\/05\/lavender.jpg 520w\" sizes=\"auto, (max-width: 300px) 100vw, 300px\" \/>\n<p1 style=\"text-align:left; font-size:16px;\">\n<p><\/p>\n<p><strong>Marie Madeleine 25528<\/strong> <\/p>\n<p>Bon produit. Je perds beaucoup moins mes cheveux. J&rsquo;utilise avec le shampooing contre la chute aussi.Apr\u00e8s mon accouchement j&rsquo;ai subi une perte de cheveux importante. Suite \u00e0 des recherches personnelles sur internet j&rsquo;ai d\u00e9couvert Johairba anti-chute que je pouvais acheter \u00e0 deux pas de chez moi. R\u00e9sultat spectaculaire apr\u00e8s une cure de 9 mois mes cheveux ne cassent plus, ils poussent plus vite qu&rsquo;avant et sont en pleine forme. je conseille ce traitement vivement \u00e0 toutes. Merci<\/p>\n<p><strong>Sofia Bruxelles<\/strong> <\/p>\n<p>Encore l&rsquo;une de mes recherches qui arrivent \u00e0 son terme. J&rsquo;ai trouv\u00e9 MA lotion capillaire !<br \/>\nCela fait deux mois que je l&rsquo;utilise, tous les soirs, et les effets ont \u00e9t\u00e9 imm\u00e9diat. J&rsquo;ach\u00e8te et utilise bouteille sur bouteille.<\/p>\n<p><strong>Vincent Canada<\/strong> <\/p>\n<p>Impressionnant, prix correcte si achete en formule de 12 ou 24 mois, pour 20 euros par mois, j&rsquo;ai pu remplacer  le minoxidil, mon shampoing furterer, des gellule mutivitamine et eau de coiffage anti-chute Weleda. Tonifie le cuir chevelu (on le sent au petit picotement assez agr\u00e9able) Ralentit la chute des cheveux assez rapidement. Je l&rsquo;ai utilis\u00e9 \u00e9galement sur des sourcils trop \u00e9pil\u00e9s pour la repousse (\u00e7a fonctionne ms pas miraculeux si ceux ci sont \u00e9pil\u00e9s depuis des ann\u00e9es). attention aux yeux bien sur!!<\/p>\n<p><strong>Patrice 14230<\/strong> <\/p>\n<p>Sur les conseils du ami, j&rsquo;ai essay\u00e9 Johairba serum et shampooing, le r\u00e9sultat est surprenant, c&rsquo;est un soin qui a r\u00e9volutionn\u00e9 ma crini\u00e8re. Ce produit est vraiment tr\u00e8s efficace. Je perdais mes cheveux de fa\u00e7on tr\u00e8s importante et les analyses n&rsquo;ont jamais r\u00e9v\u00e9l\u00e9 d&rsquo;anomalies m\u00e9dicales. Ce produit a r\u00e9ussi \u00e0 contenir cette chute et mes cheveux sont beaucoup plus beaux et renforc\u00e9s. Je n&rsquo;y croyais pas, maintenant je suis convaincue et le conseille vivement<\/p>\n<p><strong>Isabelle 78000<\/strong> <\/p>\n<p>Suite \u00e0 un hivers tr\u00e8s fatiguant, je perd mes cheveux par poign\u00e9e ! Gr\u00e2ce aux conseilles de ma pharmacienne sur les huiles essentielles, j&rsquo;ai fait la cure de 6 mois et le r\u00e9sultat est stup\u00e9fiant! je ne peux plus m&rsquo;en passer&#8230; mon cuir chevelu adore&#8230; ca me d\u00e9mangeait tout le temps .. quant \u00e0 la chute des cheveux trop tot pour dire si \u00e7a va repartir a l&rsquo;arr\u00eat du traitement!!<\/p>\n<p><strong>Jean-Marc Belgique<\/strong><\/p>\n<p>Je retrouve mes cheveux d\u2019ado. Ils repoussent sur le dessus, et sur la ligne frontale, c\u2019est g\u00e9nial. \u00c7a fait plaisir \u00e0 ma copine et \u00e0 moi aussi<\/p>\n<p><strong>Maxime  92000<\/strong> <\/p>\n<p>\u00a0\u00bb Mes cheveux se maintiennent bien. Je suis satisfait, Je suis rassur\u00e9, la chute de cheveux a cess\u00e9 et ils sont plus toniques. \u00a0\u00bb<\/p>\n<p><strong>Elise 69003<\/strong> <\/p>\n<p>J&rsquo;applique le s\u00e9rum et le shampoing fortifiant depuis 4 mois et demi et j&rsquo;ai constat\u00e9 d\u00e8s les premieres semaines que je perdais quasiment plus mes cheveux (enfin, normalement quoi). En revanche, je ne vois pas encore trop de r\u00e9sultats concernant la \u00ab\u00a0repousse\u00a0\u00bb de mes cheveux mais vu que je les perds beaucoup moins, j&rsquo;ai l\u00e9g\u00e8rement plus de volume. J&rsquo;esp\u00e8re que celui-ci s&rsquo;amplifiera dans le mois et demi de cure restant.<\/p>\n<p><strong>catherine 69100<\/strong> <\/p>\n<p>J&rsquo;ai 48 ans et \u00e0 la suite d&rsquo;un choc \u00e9motionnel tr\u00e8s violent je perdais par masse mes cheveux. Avec une seule cure de 5 mois la chute s&rsquo;est stopp\u00e9e nette et surtout j&rsquo;ai retrouv\u00e9 ma belle chevelure brillante et forte. Merci Johairba. Franchement c&rsquo;est le meilleur produit anti-chute cheveux que j&rsquo;ai trouv\u00e9 sur le march\u00e9. Catherine de Lyon<\/p>\n<p><strong>Damien 75003<\/strong> <\/p>\n<p>Je reommande a tous mes amis, je ne m&rsquo;attendai pas a des repousses avec un produit naturel<\/p>\n<p>Je vous fait de la publicit\u00e9, gardez vos produits de qualit\u00e9, vous \u00eates sur le bon chemin vers la r\u00e9ussite<\/p>\n<p><strong>viviane 69150<\/strong> <\/p>\n<p>je dois avouer que je suis absolument ravie de votre produit,je perd de moins en moins mes cheveux,et j&rsquo;alterne avec beaut\u00e9 des cheveux,ils sont plus brillant, plus \u00e9pais, et \u00e7a fait 6 mois que j&rsquo;ai pas fait de bain d&rsquo;huile, la chute n&rsquo;a pas repris , Merci Johairba,et un conseil,essayez comme moi vous ne serez pas de\u00e7us. Viviane<\/p>\n<p><strong>Helene 85100<\/strong> <\/p>\n<p>Voila j&rsquo;ai command\u00e9 ma cure de 3 mois. je vais vous tenir au courant sur l&rsquo;\u00e9volutions de ma chevelure. En lisant les t\u00e9moignages, je suis tr\u00e8s optimiste!<\/p>\n<p><strong>Louis 92000<\/strong> <\/p>\n<p>j&rsquo;utilise cette lotion depuis un mois et la chute de cheveux a ralenti de fa\u00e7on significative, j&rsquo;en suis ravi<\/p>\n<p><strong>Nathalie 13220<\/strong> <\/p>\n<p>Excellent en application apr\u00e8s le shampooing ; mes cheveux sont beaucoup plus \u00e9pais et facile \u00e0 coiffer.<\/p>\n<p><strong>Roberto 67400<\/strong> <\/p>\n<p>Moi j&rsquo;ai essay\u00e9 anti-chute, apres p\u00e9riode stres et r\u00e9gime, et mes cheveux ont repouss\u00e9 avec une bonne densit\u00e9,je precise que pour un homme faire repousser ses cheveux c&rsquo;est mission impossible \u00ab\u00a0parfois\u00a0\u00bb maintenant mon etourage n&rsquo;en reviennent pas (ma femme non plus) de cette repousse et ils voudrait que je les coupes car TROP LONGS \u00ab\u00a0Que -n\u00e9-ni mes amis\u00a0\u00bb a+<\/p>\n<p><strong>Maryse 17490<\/strong> <\/p>\n<p>Cette lotion rend les cheveux doux, souples et brillants. De plus depuis que je l&rsquo;utilise j&rsquo;ai un de ces volumes !!! juste : waouhhh ! j&rsquo;avais essay\u00e9 l&rsquo;extrait aromatique de sisley produit extr\u00eamement cher que j&rsquo;ai re\u00e7u en cadeau et que je ne reprendrais pas car celui ci est beaucoup beaucoup moins cher, super produit que je recommande plus que vivement<\/p>\n<p><strong>JOSIANE 58400<\/strong> <\/p>\n<p>le 28.01.08 J&rsquo;utilise depuis maintenant 3 mois et demi Johairba et 1 mois et demi  avec le shampoing fortifiant depuis 3 mois et demi avec en plus le serum anti-chute phyto et une nette am\u00e9lioration sur la chute beaucoup moins importante de mes cheveux! plus doux et brillants mais encore cassants! je continue la cure jusqu&rsquo;\u00e0 un r\u00e9sultat parfait pour mes cheveux! il faut de la patience et faire confiance! A bient\u00f4t et bon courage \u00e0 toutes! A plus tard pour de bonnes nouvelles! JOSIANE<\/p>\n<p><strong>Jean Paul 13600<\/strong> <\/p>\n<p>J&rsquo;ai 58 ans et je me d\u00e9solais de voir s&rsquo;agrandir la \u00ab\u00a0tonsure\u00a0\u00bb au sommet de mon crane, j&rsquo;utilise johairba depuis 3 mois et les r\u00e9sultats sont impressionnants une repousse sur cette zone qui est maintenant tr\u00e8s fournie. on ne voit presque plus le crane recouvert par une nouvelle pousse inesp\u00e9r\u00e9e \u00e0 mon age. Je continue mon traitement avec joie, je regarde les progr\u00e9s chaque jour dans la glace. Merci Johairba pour m&rsquo;avoir rendu l&rsquo;espoir de ne pas \u00eatre chauve.<\/p>\n<p><strong>laurence 71380<\/strong> <\/p>\n<p>Bonjour et meilleurs voeux 2007, Il y a environ 5 mois, j&rsquo;ai fait un t\u00e9moignage en expliquant que j&rsquo;allais utiliser le soin anti chute dans des conditions particuli\u00e8res puisque j&rsquo;allais avoir un traitement de radioth\u00e9rapie et de chimio. Malheureusement pour moi la chimio est plus forte que Johairba mais j&rsquo;ai pu constater son efficacit\u00e9 avant mon traitement de chimio, j&rsquo;avais une chute de cheveu assez cons\u00e9quente d\u00fb au stress et aux diverses injections et perfusions lors de mon op\u00e9ration,<\/p>\n<p><strong>Julie 97430<\/strong> <\/p>\n<p>Bonjour!j&rsquo;utilise johairba fortifiant capillaire depuis presque 4 mois,c vrai que mes cheveux sont beaucoup plus r\u00e9sistants mais au niveau de la repousses il n&rsquo;y a pas encore de r\u00e9sultats!!J&rsquo;ai toujours voulu avoir de beaux cheveux forts,brillants et non abim\u00e9s!!mais c&rsquo;est chose difficile quand on habite sous les tropiques!!je ne d\u00e9sesp\u00e8re pas!!on en reparle d&rsquo;ici la fin du traitement de 12 mois!!<\/p>\n<p><strong>Francis Canada<\/strong> <\/p>\n<p>J\u2019avais tellement peur de me retrouver comme mon p\u00e8re, ils ne diminuent plus, je les sens sains!<\/p>\n<p><strong>Ahmed 79100<\/strong> <\/p>\n<p>Ma chute de cheveux s&rsquo;est tr\u00e8s vite arr\u00eat\u00e9e. Aujourd\u2019hui, apr\u00e8s 6 mois, ils sont brillants et tellement plus \u00e9pais !<\/p>\n<p><strong>Benois Geneve<\/strong> <\/p>\n<p>Vos produits sont une merveille, je ne pourrais plus m\u2019en passer et puis ils sentent bons<\/p>\n<p><strong>Hamid Paris<\/strong> <\/p>\n<p>Je rach\u00e8terai a coup s\u00fbr! Me fait des cheveux d&rsquo;enfer sans avoir besoin de coiffants!<\/p>\n<p><strong>Celine Toulouse<\/strong><br \/>\nAu d\u00e9part, c&rsquo;\u00e9tait mon mari qui avait achet\u00e9 le produit, comme le temps d&rsquo;utilisation est de 12 mois apr\u00e8s ouverture, je m&rsquo;en suis servi aussi deux fois par semaine apr\u00e8s le shampooing.<br \/>\nMes cheveux qui \u00e9taient raplapla ont retrouv\u00e9 de la vigueur.<br \/>\nDe plus, ma coiffeuse a \u00e9t\u00e9 \u00e9tonn\u00e9e de la qualit\u00e9 et du temps de repousse .<br \/>\n<\/p>","protected":false},"excerpt":{"rendered":"<p>T\u00e9moinages Marie Madeleine 25528 Bon produit. Je perds beaucoup moins mes cheveux. J&rsquo;utilise avec le shampooing contre la chute aussi.Apr\u00e8s mon accouchement j&rsquo;ai subi une perte de cheveux importante. Suite \u00e0 des recherches personnelles sur internet j&rsquo;ai d\u00e9couvert Johairba anti-chute que je pouvais acheter \u00e0 deux pas de chez moi.\u2026<\/p>\n<p> <a class=\"continue-reading-link\" href=\"https:\/\/johairba.com\/fr\/francais-termoinages\/\"><span>Continue reading<\/span><i class=\"icon-right-dir\"><\/i><\/a><\/p>\n","protected":false},"author":2,"featured_media":0,"parent":0,"menu_order":0,"comment_status":"closed","ping_status":"closed","template":"","meta":{"footnotes":""},"class_list":["post-597","page","type-page","status-publish","hentry"],"yoast_head":"<!-- This site is optimized with the Yoast SEO plugin v14.2 - https:\/\/yoast.com\/wordpress\/plugins\/seo\/ -->\n<title>TEMOINAGES - Johairba<\/title>\n<meta name=\"description\" content=\"Beginning in 2004, We are a privately owned company that specializes in all-natural products to promote healthy skin, scalp, and hair. We understand and believe in the power of plants. We are inspired by organic agriculture and the ongoing struggle towards true sustainability.\" \/>\n<meta name=\"robots\" content=\"index, follow\" \/>\n<meta name=\"googlebot\" content=\"index, follow, max-snippet:-1, max-image-preview:large, max-video-preview:-1\" \/>\n<meta name=\"bingbot\" content=\"index, follow, max-snippet:-1, max-image-preview:large, max-video-preview:-1\" \/>\n<link rel=\"canonical\" href=\"https:\/\/johairba.com\/francais-termoinages\/\" \/>\n<meta property=\"og:locale\" content=\"fr_FR\" \/>\n<meta property=\"og:type\" content=\"article\" \/>\n<meta property=\"og:title\" content=\"[:en]TESTIMONIALS[:fr]TEMOINAGES[:] - Johairba\" \/>\n<meta property=\"og:description\" content=\"Beginning in 2004, We are a privately owned company that specializes in all-natural products to promote healthy skin, scalp, and hair. We understand and believe in the power of plants. We are inspired by organic agriculture and the ongoing struggle towards true sustainability.\" \/>\n<meta property=\"og:url\" content=\"https:\/\/johairba.com\/francais-termoinages\/\" \/>\n<meta property=\"og:site_name\" content=\"Johairba\" \/>\n<meta property=\"article:publisher\" content=\"https:\/\/www.facebook.com\/pages\/Johairba\/406542342741572\" \/>\n<meta property=\"article:modified_time\" content=\"2016-08-25T23:25:52+00:00\" \/>\n<meta property=\"og:image\" content=\"http:\/\/johairba.co.uk\/wp-content\/uploads\/2015\/05\/lavender-300x167.jpg\" \/>\n<script type=\"application\/ld+json\" class=\"yoast-schema-graph\">{\"@context\":\"https:\/\/schema.org\",\"@graph\":[{\"@type\":\"WebSite\",\"@id\":\"https:\/\/johairba.com\/fr\/#website\",\"url\":\"https:\/\/johairba.com\/fr\/\",\"name\":\"Johairba\",\"description\":\"Une source infinie de beaut\\u00e9\",\"potentialAction\":[{\"@type\":\"SearchAction\",\"target\":\"https:\/\/johairba.com\/fr\/?s={search_term_string}\",\"query-input\":\"required name=search_term_string\"}],\"inLanguage\":\"fr-FR\"},{\"@type\":\"ImageObject\",\"@id\":\"https:\/\/johairba.com\/francais-termoinages\/#primaryimage\",\"inLanguage\":\"fr-FR\",\"url\":\"http:\/\/johairba.co.uk\/wp-content\/uploads\/2015\/05\/lavender-300x167.jpg\"},{\"@type\":\"WebPage\",\"@id\":\"https:\/\/johairba.com\/francais-termoinages\/#webpage\",\"url\":\"https:\/\/johairba.com\/francais-termoinages\/\",\"name\":\"[:en]TESTIMONIALS[:fr]TEMOINAGES[:] - Johairba\",\"isPartOf\":{\"@id\":\"https:\/\/johairba.com\/fr\/#website\"},\"primaryImageOfPage\":{\"@id\":\"https:\/\/johairba.com\/francais-termoinages\/#primaryimage\"},\"datePublished\":\"2015-05-05T20:52:43+00:00\",\"dateModified\":\"2016-08-25T23:25:52+00:00\",\"description\":\"Beginning in 2004, We are a privately owned company that specializes in all-natural products to promote healthy skin, scalp, and hair. We understand and believe in the power of plants. We are inspired by organic agriculture and the ongoing struggle towards true sustainability.\",\"inLanguage\":\"fr-FR\",\"potentialAction\":[{\"@type\":\"ReadAction\",\"target\":[\"https:\/\/johairba.com\/francais-termoinages\/\"]}]}]}<\/script>\n<!-- \/ Yoast SEO plugin. -->","_links":{"self":[{"href":"https:\/\/johairba.com\/fr\/wp-json\/wp\/v2\/pages\/597","targetHints":{"allow":["GET"]}}],"collection":[{"href":"https:\/\/johairba.com\/fr\/wp-json\/wp\/v2\/pages"}],"about":[{"href":"https:\/\/johairba.com\/fr\/wp-json\/wp\/v2\/types\/page"}],"author":[{"embeddable":true,"href":"https:\/\/johairba.com\/fr\/wp-json\/wp\/v2\/users\/2"}],"replies":[{"embeddable":true,"href":"https:\/\/johairba.com\/fr\/wp-json\/wp\/v2\/comments?post=597"}],"version-history":[{"count":20,"href":"https:\/\/johairba.com\/fr\/wp-json\/wp\/v2\/pages\/597\/revisions"}],"predecessor-version":[{"id":1006,"href":"https:\/\/johairba.com\/fr\/wp-json\/wp\/v2\/pages\/597\/revisions\/1006"}],"wp:attachment":[{"href":"https:\/\/johairba.com\/fr\/wp-json\/wp\/v2\/media?parent=597"}],"curies":[{"name":"wp","href":"https:\/\/api.w.org\/{rel}","templated":true}]}}