{"id":84,"date":"2014-11-18T06:32:35","date_gmt":"2014-11-18T06:32:35","guid":{"rendered":"http:\/\/johairba.co.uk\/?page_id=84"},"modified":"2020-06-15T11:15:27","modified_gmt":"2020-06-15T11:15:27","slug":"contact-us","status":"publish","type":"page","link":"https:\/\/johairba.com\/fr\/contact-us\/","title":{"rendered":"CONTACTEZ-NOUS"},"content":{"rendered":"<p><\/p>\n<div style=\"padding:12px;background-color:#ffffff; opacity:0.9; border-radius:20px; line-height:1.2; overflow:auto;\">\n<h1 style=\"text-align: center;\">Comment pouvons-nous vous aider?<\/h1>\n<h3 style=\"text-align: center; \"> Visitez nos page faq <a href=\"https:\/\/johairba.com\/fr\/21-2\/frequently-asked-questions\/\" target=\"_self\" rel=\"noopener noreferrer\"><strong> ICI <\/strong><\/a><\/h3>\n<h2 style=\"float:left; margin-left:40px; font-size:16px;\">ADRESSE<\/p>\n<hr width=\"102%\" align=\"left\">\n<p>160 City Rd Londres EC1V 2DW, Royaume Uni<\/p>\n<p\/>\n<hr width=\"102%\" align=\"left\"><\/h2>\n<h3 style=\"float:right; text-align:right; margin-right:40px; font-size:16px;\">EMAIL<\/p>\n<hr width=\"102%\" align=\"left\">\n<p>info@johairba.com<\/p>\n<p\/>\n<hr width=\"102%\" align=\"left\"><\/h3>\n<p><\/p>\n<p style=\"margin:auto; display:inline-table; text-align:center; font-size:12px; font-weight:bold; color:#999999;\">*M\u00eame si vous \u00eates abonn\u00e9 \u00e0 notre lettre d\u2019informations, notre reponse peut souvent arriver par erreur dans le dossier spam de votre messagerie ! Afin d\u2019\u00e9viter cela, vous devez placer l\u2019adresse de l\u2019exp\u00e9diteur dans votre liste blanche.<\/p>\n<p\/>\n<div style=\"display:table; margin:auto; width: 400px; border:2px solid grey; border-radius:7px; padding:10px;\"><div role=\"form\" class=\"wpcf7\" id=\"wpcf7-f320-o2\" lang=\"en-US\" dir=\"ltr\">\n<div class=\"screen-reader-response\" aria-live=\"polite\"><\/div>\n<form action=\"\/fr\/wp-json\/wp\/v2\/pages\/84#wpcf7-f320-o2\" method=\"post\" class=\"wpcf7-form\" novalidate=\"novalidate\">\n<div style=\"display: none;\">\n<input type=\"hidden\" name=\"_wpcf7\" value=\"320\" \/>\n<input type=\"hidden\" name=\"_wpcf7_version\" value=\"5.1.9\" \/>\n<input type=\"hidden\" name=\"_wpcf7_locale\" value=\"en_US\" \/>\n<input type=\"hidden\" name=\"_wpcf7_unit_tag\" value=\"wpcf7-f320-o2\" \/>\n<input type=\"hidden\" name=\"_wpcf7_container_post\" value=\"0\" \/>\n<\/div>\n<p>Votre nom (requis)<br \/>\n    <span class=\"wpcf7-form-control-wrap your-name\"><input type=\"text\" name=\"your-name\" value=\"\" size=\"40\" class=\"wpcf7-form-control wpcf7-text wpcf7-validates-as-required\" aria-required=\"true\" aria-invalid=\"false\" \/><\/span> <\/p>\n<p>Votre e-mail (requis)<br \/>\n    <span class=\"wpcf7-form-control-wrap your-email\"><input type=\"email\" name=\"your-email\" value=\"\" size=\"40\" class=\"wpcf7-form-control wpcf7-text wpcf7-email wpcf7-validates-as-required wpcf7-validates-as-email\" aria-required=\"true\" aria-invalid=\"false\" \/><\/span> <\/p>\n<p>Confirmez votre email (requis)<br \/>\n<span class=\"wpcf7-form-control-wrap confirmemail\"><input type=\"email\" name=\"confirmemail\" value=\"\" size=\"40\" class=\"wpcf7-form-control wpcf7-text wpcf7-email wpcf7-validates-as-required wpcf7-validates-as-email\" aria-required=\"true\" aria-invalid=\"false\" \/><\/span><\/p>\n<p>Objet du message<br \/>\n    <span class=\"wpcf7-form-control-wrap your-subject\"><input type=\"text\" name=\"your-subject\" value=\"\" size=\"40\" class=\"wpcf7-form-control wpcf7-text\" aria-invalid=\"false\" \/><\/span> <\/p>\n<p>Votre message<br \/>\n    <span class=\"wpcf7-form-control-wrap your-message\"><textarea name=\"your-message\" cols=\"40\" rows=\"10\" class=\"wpcf7-form-control wpcf7-textarea\" aria-invalid=\"false\"><\/textarea><\/span> <\/p>\n<p><input type=\"submit\" value=\"Envoyer\" class=\"wpcf7-form-control wpcf7-submit\" \/><\/p>\n<div class=\"wpcf7-response-output wpcf7-display-none\" aria-hidden=\"true\"><\/div><\/form><\/div><\/div>\n<\/div>\n<p><\/p>","protected":false},"excerpt":{"rendered":"<p>Comment pouvons-nous vous aider? Visitez nos page faq ICI ADRESSE 160 City Rd Londres EC1V 2DW, Royaume Uni EMAIL info@johairba.com *M\u00eame si vous \u00eates abonn\u00e9 \u00e0 notre lettre d\u2019informations, notre reponse peut souvent arriver par erreur dans le dossier spam de votre messagerie ! Afin d\u2019\u00e9viter cela, vous devez placer\u2026<\/p>\n<p> <a class=\"continue-reading-link\" href=\"https:\/\/johairba.com\/fr\/contact-us\/\"><span>Continue reading<\/span><i class=\"icon-right-dir\"><\/i><\/a><\/p>\n","protected":false},"author":2,"featured_media":0,"parent":0,"menu_order":9,"comment_status":"closed","ping_status":"closed","template":"","meta":{"footnotes":""},"class_list":["post-84","page","type-page","status-publish","hentry"],"yoast_head":"<!-- This site is optimized with the Yoast SEO plugin v14.2 - https:\/\/yoast.com\/wordpress\/plugins\/seo\/ -->\n<title>CONTACTEZ-NOUS - Johairba<\/title>\n<meta name=\"description\" content=\"Beginning in 2004, We are a privately owned company that specializes in all-natural products to promote healthy skin, scalp, and hair. We understand and believe in the power of plants. We are inspired by organic agriculture and the ongoing struggle towards true sustainability.\" \/>\n<meta name=\"robots\" content=\"index, follow\" \/>\n<meta name=\"googlebot\" content=\"index, follow, max-snippet:-1, max-image-preview:large, max-video-preview:-1\" \/>\n<meta name=\"bingbot\" content=\"index, follow, max-snippet:-1, max-image-preview:large, max-video-preview:-1\" \/>\n<link rel=\"canonical\" href=\"https:\/\/johairba.com\/contact-us\/\" \/>\n<meta property=\"og:locale\" content=\"fr_FR\" \/>\n<meta property=\"og:type\" content=\"article\" \/>\n<meta property=\"og:title\" content=\"[:en]Contact us[:fr]CONTACTEZ-NOUS[:] - Johairba\" \/>\n<meta property=\"og:description\" content=\"Beginning in 2004, We are a privately owned company that specializes in all-natural products to promote healthy skin, scalp, and hair. We understand and believe in the power of plants. We are inspired by organic agriculture and the ongoing struggle towards true sustainability.\" \/>\n<meta property=\"og:url\" content=\"https:\/\/johairba.com\/contact-us\/\" \/>\n<meta property=\"og:site_name\" content=\"Johairba\" \/>\n<meta property=\"article:publisher\" content=\"https:\/\/www.facebook.com\/pages\/Johairba\/406542342741572\" \/>\n<meta property=\"article:modified_time\" content=\"2020-06-15T11:15:27+00:00\" \/>\n<script type=\"application\/ld+json\" class=\"yoast-schema-graph\">{\"@context\":\"https:\/\/schema.org\",\"@graph\":[{\"@type\":\"WebSite\",\"@id\":\"https:\/\/johairba.com\/fr\/#website\",\"url\":\"https:\/\/johairba.com\/fr\/\",\"name\":\"Johairba\",\"description\":\"Une source infinie de beaut\\u00e9\",\"potentialAction\":[{\"@type\":\"SearchAction\",\"target\":\"https:\/\/johairba.com\/fr\/?s={search_term_string}\",\"query-input\":\"required name=search_term_string\"}],\"inLanguage\":\"fr-FR\"},{\"@type\":\"WebPage\",\"@id\":\"https:\/\/johairba.com\/contact-us\/#webpage\",\"url\":\"https:\/\/johairba.com\/contact-us\/\",\"name\":\"[:en]Contact us[:fr]CONTACTEZ-NOUS[:] - Johairba\",\"isPartOf\":{\"@id\":\"https:\/\/johairba.com\/fr\/#website\"},\"datePublished\":\"2014-11-18T06:32:35+00:00\",\"dateModified\":\"2020-06-15T11:15:27+00:00\",\"description\":\"Beginning in 2004, We are a privately owned company that specializes in all-natural products to promote healthy skin, scalp, and hair. We understand and believe in the power of plants. We are inspired by organic agriculture and the ongoing struggle towards true sustainability.\",\"inLanguage\":\"fr-FR\",\"potentialAction\":[{\"@type\":\"ReadAction\",\"target\":[\"https:\/\/johairba.com\/contact-us\/\"]}]}]}<\/script>\n<!-- \/ Yoast SEO plugin. -->","_links":{"self":[{"href":"https:\/\/johairba.com\/fr\/wp-json\/wp\/v2\/pages\/84","targetHints":{"allow":["GET"]}}],"collection":[{"href":"https:\/\/johairba.com\/fr\/wp-json\/wp\/v2\/pages"}],"about":[{"href":"https:\/\/johairba.com\/fr\/wp-json\/wp\/v2\/types\/page"}],"author":[{"embeddable":true,"href":"https:\/\/johairba.com\/fr\/wp-json\/wp\/v2\/users\/2"}],"replies":[{"embeddable":true,"href":"https:\/\/johairba.com\/fr\/wp-json\/wp\/v2\/comments?post=84"}],"version-history":[{"count":80,"href":"https:\/\/johairba.com\/fr\/wp-json\/wp\/v2\/pages\/84\/revisions"}],"predecessor-version":[{"id":1608,"href":"https:\/\/johairba.com\/fr\/wp-json\/wp\/v2\/pages\/84\/revisions\/1608"}],"wp:attachment":[{"href":"https:\/\/johairba.com\/fr\/wp-json\/wp\/v2\/media?parent=84"}],"curies":[{"name":"wp","href":"https:\/\/api.w.org\/{rel}","templated":true}]}}