{"id":985,"date":"2015-10-31T14:29:52","date_gmt":"2015-10-31T14:29:52","guid":{"rendered":"http:\/\/johairba.com\/?page_id=985"},"modified":"2016-08-25T23:29:31","modified_gmt":"2016-08-25T23:29:31","slug":"skin-consultation","status":"publish","type":"page","link":"https:\/\/johairba.com\/fr\/skin-consultation\/","title":{"rendered":"skin consultation"},"content":{"rendered":"<p><img decoding=\"async\" style=\" size:large; max-width:100%;\" src=\"https:\/\/johairba.com\/wp-content\/uploads\/2015\/11\/Pipette-bespoke-webedit-fr.jpg\"\/><\/p>\n<p id=\"skinconsult\" style=\" text-align:center;\">Vous \u00eates unique et votre peau aussi, pour la 1\u00e8re fois en aromath\u00e9rapie, Johairba vous pr\u00e9pare des produits de soin 100% naturels et sur-mesure, adapt\u00e9s aux besoins uniques de votre peau. Nos experts vous \u00e9coutent et vous accompagnent dans le diagnostique de vos besoins cutan\u00e9s. Vous r\u00e9pondez \u00e0 22 questions, et vous recevez votre consultation gratuite en moins de 24 heures, passez votre commande sur notre site, et en moins de 72 heures nos experts formulent pour vous un s\u00e9rum ou un regimen 3 \u00e9tapes unique et exclusif.<\/p>\n<p><div role=\"form\" class=\"wpcf7\" id=\"wpcf7-f990-o2\" lang=\"en-US\" dir=\"ltr\">\n<div class=\"screen-reader-response\" aria-live=\"polite\"><\/div>\n<form action=\"\/fr\/wp-json\/wp\/v2\/pages\/985#wpcf7-f990-o2\" method=\"post\" class=\"wpcf7-form\" novalidate=\"novalidate\">\n<div style=\"display: none;\">\n<input type=\"hidden\" name=\"_wpcf7\" value=\"990\" \/>\n<input type=\"hidden\" name=\"_wpcf7_version\" value=\"5.1.9\" \/>\n<input type=\"hidden\" name=\"_wpcf7_locale\" value=\"en_US\" \/>\n<input type=\"hidden\" name=\"_wpcf7_unit_tag\" value=\"wpcf7-f990-o2\" \/>\n<input type=\"hidden\" name=\"_wpcf7_container_post\" value=\"0\" \/>\n<\/div>\n<div style=\"text-align:center\">\n<p><strong>Votre nom (requis)<\/strong><br \/>\n    <span class=\"wpcf7-form-control-wrap your-name\"><input type=\"text\" name=\"your-name\" value=\"\" size=\"40\" class=\"wpcf7-form-control wpcf7-text wpcf7-validates-as-required\" aria-required=\"true\" aria-invalid=\"false\" \/><\/span> <\/p>\n<p><\/p>\n<p><strong>Votre Email (requis)<\/strong><br \/>\n    <span class=\"wpcf7-form-control-wrap your-email\"><input type=\"email\" name=\"your-email\" value=\"\" size=\"40\" class=\"wpcf7-form-control wpcf7-text wpcf7-email wpcf7-validates-as-required wpcf7-validates-as-email\" aria-required=\"true\" aria-invalid=\"false\" \/><\/span> <\/p>\n<p><\/p>\n<p><strong>Quel produits vous int\u00e9resse?<\/strong><br \/>\n<span class=\"wpcf7-form-control-wrap checkbox-715\"><span class=\"wpcf7-form-control wpcf7-checkbox wpcf7-exclusive-checkbox checkboxproduct\" id=\"producttype\"><span class=\"wpcf7-list-item first\"><input type=\"checkbox\" name=\"checkbox-715\" value=\"Johairba pour femme\" \/><span class=\"wpcf7-list-item-label\">Johairba pour femme<\/span><\/span><span class=\"wpcf7-list-item last\"><input type=\"checkbox\" name=\"checkbox-715\" value=\"Johairba pour homme\" \/><span class=\"wpcf7-list-item-label\">Johairba pour homme<\/span><\/span><\/span><\/span><br \/>\n<\/p>\n<p><strong>qu'est ce qui vous am\u00e8ne chez Johairba aujourd'hui?<\/strong><br \/>\n<span class=\"wpcf7-form-control-wrap menu-841\"><select name=\"menu-841\" class=\"wpcf7-form-control wpcf7-select skindropdown\" id=\"skinconcerns\" aria-invalid=\"false\"><option value=\"Pas de pr\u00e9occupations sp\u00e9cifiques\">Pas de pr\u00e9occupations sp\u00e9cifiques<\/option><option value=\"L\u2019effet de l\u2019\u00e2ge avec des pr\u00e9occupations multiples mais ne peut pas Prioriser\">L\u2019effet de l\u2019\u00e2ge avec des pr\u00e9occupations multiples mais ne peut pas Prioriser<\/option><\/select><\/span><br \/>\n<\/p>\n<p><strong>Votre nature de peau est?<\/strong><\/p>\n<p><span class=\"wpcf7-form-control-wrap checkbox-750\"><span class=\"wpcf7-form-control wpcf7-checkbox skincheckbox\" id=\"skintype\"><span class=\"wpcf7-list-item first\"><input type=\"checkbox\" name=\"checkbox-750[]\" value=\"Normale\" \/><span class=\"wpcf7-list-item-label\">Normale<\/span><\/span><span class=\"wpcf7-list-item\"><input type=\"checkbox\" name=\"checkbox-750[]\" value=\"S\u00e8che\" \/><span class=\"wpcf7-list-item-label\">S\u00e8che<\/span><\/span><span class=\"wpcf7-list-item\"><input type=\"checkbox\" name=\"checkbox-750[]\" value=\"Grasse\" \/><span class=\"wpcf7-list-item-label\">Grasse<\/span><\/span><span class=\"wpcf7-list-item\"><input type=\"checkbox\" name=\"checkbox-750[]\" value=\"Mixte\" \/><span class=\"wpcf7-list-item-label\">Mixte<\/span><\/span><span class=\"wpcf7-list-item last\"><input type=\"checkbox\" name=\"checkbox-750[]\" value=\"Je ne sais pas\" \/><span class=\"wpcf7-list-item-label\">Je ne sais pas<\/span><\/span><\/span><\/span><\/p>\n<p><strong>Vous allez passer les 6 prochains mois:<\/strong><\/p>\n<p><span class=\"wpcf7-form-control-wrap checkbox-751\"><span class=\"wpcf7-form-control wpcf7-checkbox skincheckbox\" id=\"climate6month\"><span class=\"wpcf7-list-item first\"><input type=\"checkbox\" name=\"checkbox-751[]\" value=\"En \u00e8t\u00e8, dans un environnement particuli\u00e8rement chaud\" \/><span class=\"wpcf7-list-item-label\">En \u00e8t\u00e8, dans un environnement particuli\u00e8rement chaud<\/span><\/span><span class=\"wpcf7-list-item\"><input type=\"checkbox\" name=\"checkbox-751[]\" value=\"Das un environnement relativement temp\u00e8r\u00e8\/neutre\" \/><span class=\"wpcf7-list-item-label\">Das un environnement relativement temp\u00e8r\u00e8\/neutre<\/span><\/span><span class=\"wpcf7-list-item last\"><input type=\"checkbox\" name=\"checkbox-751[]\" value=\"Dans un climat particuli\u00e8rement sec et froid\" \/><span class=\"wpcf7-list-item-label\">Dans un climat particuli\u00e8rement sec et froid<\/span><\/span><\/span><\/span><\/p>\n<p><strong>Dans une journ\u00e8e classique, vous passez beaucoup de temps<\/strong><\/p>\n<p><span class=\"wpcf7-form-control-wrap checkbox-753\"><span class=\"wpcf7-form-control wpcf7-checkbox skincheckbox\" id=\"averageday\"><span class=\"wpcf7-list-item first\"><input type=\"checkbox\" name=\"checkbox-753[]\" value=\"A l&#039;ext\u00e8rieur\" \/><span class=\"wpcf7-list-item-label\">A l&#039;ext\u00e8rieur<\/span><\/span><span class=\"wpcf7-list-item\"><input type=\"checkbox\" name=\"checkbox-753[]\" value=\"Expos\u00e8e au soleil\" \/><span class=\"wpcf7-list-item-label\">Expos\u00e8e au soleil<\/span><\/span><span class=\"wpcf7-list-item\"><input type=\"checkbox\" name=\"checkbox-753[]\" value=\"A l&#039;int\u00e8rieur\" \/><span class=\"wpcf7-list-item-label\">A l&#039;int\u00e8rieur<\/span><\/span><span class=\"wpcf7-list-item last\"><input type=\"checkbox\" name=\"checkbox-753[]\" value=\"Dans des pi\u00e8ces climatis\u00e8es\" \/><span class=\"wpcf7-list-item-label\">Dans des pi\u00e8ces climatis\u00e8es<\/span><\/span><\/span><\/span><\/p>\n<p><strong>Imperfections : Comment d\u00e9cririez-vous votre imperfections? Plusieurs<br \/>\nr\u00e9ponses possibles.<\/strong><br \/>\n<span class=\"wpcf7-form-control-wrap checkbox-876\"><span class=\"wpcf7-form-control wpcf7-checkbox skincheckbox\" id=\"acne\"><span class=\"wpcf7-list-item first\"><input type=\"checkbox\" name=\"checkbox-876[]\" value=\"Points noirs\" \/><span class=\"wpcf7-list-item-label\">Points noirs<\/span><\/span><span class=\"wpcf7-list-item\"><input type=\"checkbox\" name=\"checkbox-876[]\" value=\"Points blancs\" \/><span class=\"wpcf7-list-item-label\">Points blancs<\/span><\/span><span class=\"wpcf7-list-item\"><input type=\"checkbox\" name=\"checkbox-876[]\" value=\"Microkystes\" \/><span class=\"wpcf7-list-item-label\">Microkystes<\/span><\/span><span class=\"wpcf7-list-item\"><input type=\"checkbox\" name=\"checkbox-876[]\" value=\"Petits boutons\" \/><span class=\"wpcf7-list-item-label\">Petits boutons<\/span><\/span><span class=\"wpcf7-list-item last\"><input type=\"checkbox\" name=\"checkbox-876[]\" value=\"Papules\" \/><span class=\"wpcf7-list-item-label\">Papules<\/span><\/span><\/span><\/span><br \/>\n<\/p>\n<p><strong>Programme de soin quotidien : Comment ressentez-vous peau en fin de<br \/>\njourn\u00e9e sans soin hydratant?<\/strong><br \/>\n<span class=\"wpcf7-form-control-wrap menu-843\"><select name=\"menu-843\" class=\"wpcf7-form-control wpcf7-select skindropdown\" id=\"noproducts\" aria-invalid=\"false\"><option value=\"Inconfortable\/Tiraillement\">Inconfortable\/Tiraillement<\/option><option value=\"Confortable\">Confortable<\/option><option value=\"Exc\u00e8s de sebum\">Exc\u00e8s de sebum<\/option><option value=\"Brillance\">Brillance<\/option><\/select><\/span><br \/>\n<\/p>\n<p><strong>Votre tient?<\/strong><br \/>\n<span class=\"wpcf7-form-control-wrap menu-844\"><select name=\"menu-844\" class=\"wpcf7-form-control wpcf7-select skindropdown\" id=\"skintone\" aria-invalid=\"false\"><option value=\"Teint irr\u00e9gulier\">Teint irr\u00e9gulier<\/option><option value=\"Taches pigmentaires\">Taches pigmentaires<\/option><\/select><\/span><br \/>\n<\/p>\n<p><strong>D\u00e9shydratation: Ressentez vous des sensations de tiraillement et<br \/>\nd\u2019inconfort m\u00eame lorsque vous utilisez un soin hydratant?<\/strong><br \/>\n<span class=\"wpcf7-form-control-wrap menu-845\"><select name=\"menu-845\" class=\"wpcf7-form-control wpcf7-select skindropdown\" id=\"moisturize\" aria-invalid=\"false\"><option value=\"Oui\">Oui<\/option><option value=\"Non\">Non<\/option><\/select><\/span><br \/>\n<\/p>\n<p><strong>Fermet\u00e9\/Lifting  Quelle zone souhaitez-vous raffermir ou lifter?<br \/>\nPlusieurs r\u00e9ponses possibles<\/strong><br \/>\n<span class=\"wpcf7-form-control-wrap checkbox-877\"><span class=\"wpcf7-form-control wpcf7-checkbox skincheckbox\" id=\"skincheck\"><span class=\"wpcf7-list-item first\"><input type=\"checkbox\" name=\"checkbox-877[]\" value=\"Front\" \/><span class=\"wpcf7-list-item-label\">Front<\/span><\/span><span class=\"wpcf7-list-item\"><input type=\"checkbox\" name=\"checkbox-877[]\" value=\"Joues\" \/><span class=\"wpcf7-list-item-label\">Joues<\/span><\/span><span class=\"wpcf7-list-item\"><input type=\"checkbox\" name=\"checkbox-877[]\" value=\"Cou\" \/><span class=\"wpcf7-list-item-label\">Cou<\/span><\/span><span class=\"wpcf7-list-item last\"><input type=\"checkbox\" name=\"checkbox-877[]\" value=\"Autour des yeux\" \/><span class=\"wpcf7-list-item-label\">Autour des yeux<\/span><\/span><\/span><\/span><br \/>\n<\/p>\n<p><strong>\u00c9clat:<\/strong><br \/>\n<span class=\"wpcf7-form-control-wrap menu-847\"><select name=\"menu-847\" class=\"wpcf7-form-control wpcf7-select skindropdown\" id=\"skinappear\" aria-invalid=\"false\"><option value=\"Normal\">Normal<\/option><option value=\"Manque d\u2019\u00e9clat g\u00e9n\u00e9ral\">Manque d\u2019\u00e9clat g\u00e9n\u00e9ral<\/option><option value=\"Teint gris\">Teint gris<\/option><option value=\"Rugosit\u00e9 ou desquamation\">Rugosit\u00e9 ou desquamation<\/option><\/select><\/span><br \/>\n<\/p>\n<p><strong>Rougeurs<\/strong><br \/>\n<span class=\"wpcf7-form-control-wrap menu-848\"><select name=\"menu-848\" class=\"wpcf7-form-control wpcf7-select skindropdown\" id=\"redness\" aria-invalid=\"false\"><option value=\"Occasionnelles\">Occasionnelles<\/option><option value=\"Quotidiennes\">Quotidiennes<\/option><\/select><\/span><br \/>\n<\/p>\n<p><strong>Rides\/ridules?<\/strong><br \/>\n<span class=\"wpcf7-form-control-wrap menu-849\"><select name=\"menu-849\" class=\"wpcf7-form-control wpcf7-select skindropdown\" id=\"wrinkles\" aria-invalid=\"false\"><option value=\"Tr\u00e8s peu\">Tr\u00e8s peu<\/option><option value=\"Superficielles Peu\">Superficielles Peu<\/option><option value=\"Superficielles Plusieurs\">Superficielles Plusieurs<\/option><option value=\"profondes Beaucoup\">profondes Beaucoup<\/option><option value=\"Tr\u00e8s Profondes\">Tr\u00e8s Profondes<\/option><\/select><\/span><br \/>\n<\/p>\n<p><strong> Pores : O\u00f9 se situent les pores dilat\u00e9s que vous observez? <\/strong><br \/>\n<span class=\"wpcf7-form-control-wrap checkbox-878\"><span class=\"wpcf7-form-control wpcf7-checkbox skincheckbox\" id=\"pores\"><span class=\"wpcf7-list-item first\"><input type=\"checkbox\" name=\"checkbox-878[]\" value=\"Joues\" \/><span class=\"wpcf7-list-item-label\">Joues<\/span><\/span><span class=\"wpcf7-list-item\"><input type=\"checkbox\" name=\"checkbox-878[]\" value=\"Front\" \/><span class=\"wpcf7-list-item-label\">Front<\/span><\/span><span class=\"wpcf7-list-item last\"><input type=\"checkbox\" name=\"checkbox-878[]\" value=\"Menton\" \/><span class=\"wpcf7-list-item-label\">Menton<\/span><\/span><\/span><\/span><br \/>\n<span class=\"wpcf7-form-control-wrap checkbox-879\"><span class=\"wpcf7-form-control wpcf7-checkbox skincheckbox\" id=\"poresize\"><span class=\"wpcf7-list-item first\"><input type=\"checkbox\" name=\"checkbox-879[]\" value=\"Petit\" \/><span class=\"wpcf7-list-item-label\">Petit<\/span><\/span><span class=\"wpcf7-list-item\"><input type=\"checkbox\" name=\"checkbox-879[]\" value=\"Petit \u00e0 Moyen\" \/><span class=\"wpcf7-list-item-label\">Petit \u00e0 Moyen<\/span><\/span><span class=\"wpcf7-list-item\"><input type=\"checkbox\" name=\"checkbox-879[]\" value=\"Moyen\" \/><span class=\"wpcf7-list-item-label\">Moyen<\/span><\/span><span class=\"wpcf7-list-item\"><input type=\"checkbox\" name=\"checkbox-879[]\" value=\"Elargies\" \/><span class=\"wpcf7-list-item-label\">Elargies<\/span><\/span><span class=\"wpcf7-list-item last\"><input type=\"checkbox\" name=\"checkbox-879[]\" value=\"Tr\u00e8s \u00e9largies\" \/><span class=\"wpcf7-list-item-label\">Tr\u00e8s \u00e9largies<\/span><\/span><\/span><\/span><br \/>\n<\/p>\n<p><strong>Irritations:<\/strong><br \/>\n<span class=\"wpcf7-form-control-wrap checkbox-880\"><span class=\"wpcf7-form-control wpcf7-checkbox skincheckbox\" id=\"irritation\"><span class=\"wpcf7-list-item first\"><input type=\"checkbox\" name=\"checkbox-880[]\" value=\"D\u00e9mangeaisons\" \/><span class=\"wpcf7-list-item-label\">D\u00e9mangeaisons<\/span><\/span><span class=\"wpcf7-list-item\"><input type=\"checkbox\" name=\"checkbox-880[]\" value=\"Rougeur\" \/><span class=\"wpcf7-list-item-label\">Rougeur<\/span><\/span><span class=\"wpcf7-list-item last\"><input type=\"checkbox\" name=\"checkbox-880[]\" value=\"Sensations d\u2019\u00e9chauffement\" \/><span class=\"wpcf7-list-item-label\">Sensations d\u2019\u00e9chauffement<\/span><\/span><\/span><\/span><br \/>\n<span class=\"wpcf7-form-control-wrap checkbox-881\"><span class=\"wpcf7-form-control wpcf7-checkbox skincheckbox\" id=\"irritationlevel\"><span class=\"wpcf7-list-item first\"><input type=\"checkbox\" name=\"checkbox-881[]\" value=\"Rarement\" \/><span class=\"wpcf7-list-item-label\">Rarement<\/span><\/span><span class=\"wpcf7-list-item\"><input type=\"checkbox\" name=\"checkbox-881[]\" value=\"Occasionnellement\" \/><span class=\"wpcf7-list-item-label\">Occasionnellement<\/span><\/span><span class=\"wpcf7-list-item last\"><input type=\"checkbox\" name=\"checkbox-881[]\" value=\"Quotidiennement\" \/><span class=\"wpcf7-list-item-label\">Quotidiennement<\/span><\/span><\/span><\/span><br \/>\n<\/p>\n<p><strong>Vous et la cigarette?<\/strong><br \/>\n<span class=\"wpcf7-form-control-wrap menu-854\"><select name=\"menu-854\" class=\"wpcf7-form-control wpcf7-select skindropdown\" id=\"smoke\" aria-invalid=\"false\"><option value=\"Jamais fum\u00e9\">Jamais fum\u00e9<\/option><option value=\"Moins de 5 ans\">Moins de 5 ans<\/option><option value=\"Plus de 5 ans\">Plus de 5 ans<\/option><option value=\"Plus de 10 ans\">Plus de 10 ans<\/option><option value=\"Plus de 20 ans\">Plus de 20 ans<\/option><\/select><\/span><br \/>\n<\/p>\n<p><strong>Vous et le soleil\/Bronzage UV?<\/strong><br \/>\n<span class=\"wpcf7-form-control-wrap menu-855\"><select name=\"menu-855\" class=\"wpcf7-form-control wpcf7-select skindropdown\" id=\"sun\" aria-invalid=\"false\"><option value=\"Faible\">Faible<\/option><option value=\"Moyen\">Moyen<\/option><option value=\"Quotidiennement\">Quotidiennement<\/option><\/select><\/span><br \/>\n<\/p>\n<p><strong>Quel est votre tranche d\u2019\u00e2ge? L'\u00e9tat de la peau change avec le temps.<br \/>\nNous demandons votre \u00e2ge pour avoir une id\u00e9e plus precise des  besoins<br \/>\nde votre peau.<\/strong><br \/>\n<span class=\"wpcf7-form-control-wrap menu-856\"><select name=\"menu-856\" class=\"wpcf7-form-control wpcf7-select skindropdown\" id=\"age\" aria-invalid=\"false\"><option value=\"18 &amp; moins\">18 &amp; moins<\/option><option value=\"20s\">20s<\/option><option value=\"30s\">30s<\/option><option value=\"40s\">40s<\/option><option value=\"50s\">50s<\/option><option value=\"60s\">60s<\/option><option value=\"70s\">70s<\/option><option value=\"80+\">80+<\/option><option value=\"C\u2019est mon petit secret.\">C\u2019est mon petit secret.<\/option><\/select><\/span><br \/>\n<\/p>\n<p><strong>Comment est votre peau le soir sans cr\u00e8me hydratante?<\/strong><\/p>\n<p><i>Joues:<\/i><br \/>\n<span class=\"wpcf7-form-control-wrap checkbox-882\"><span class=\"wpcf7-form-control wpcf7-checkbox skincheckbox\" id=\"Moisturenight\"><span class=\"wpcf7-list-item first\"><input type=\"checkbox\" name=\"checkbox-882[]\" value=\"Comfortable\" \/><span class=\"wpcf7-list-item-label\">Comfortable<\/span><\/span><span class=\"wpcf7-list-item\"><input type=\"checkbox\" name=\"checkbox-882[]\" value=\"Uncomfortable\" \/><span class=\"wpcf7-list-item-label\">Uncomfortable<\/span><\/span><span class=\"wpcf7-list-item last\"><input type=\"checkbox\" name=\"checkbox-882[]\" value=\"Gras\/Brillant\" \/><span class=\"wpcf7-list-item-label\">Gras\/Brillant<\/span><\/span><\/span><\/span><\/p>\n<p><i>Front, nez, menton:<\/i><br \/>\n<span class=\"wpcf7-form-control-wrap checkbox-883\"><span class=\"wpcf7-form-control wpcf7-checkbox skincheckbox\" id=\"Moisturenight2\"><span class=\"wpcf7-list-item first\"><input type=\"checkbox\" name=\"checkbox-883[]\" value=\"Comfortable\" \/><span class=\"wpcf7-list-item-label\">Comfortable<\/span><\/span><span class=\"wpcf7-list-item\"><input type=\"checkbox\" name=\"checkbox-883[]\" value=\"Uncomfortable\" \/><span class=\"wpcf7-list-item-label\">Uncomfortable<\/span><\/span><span class=\"wpcf7-list-item last\"><input type=\"checkbox\" name=\"checkbox-883[]\" value=\"Gras\/Brillant\" \/><span class=\"wpcf7-list-item-label\">Gras\/Brillant<\/span><\/span><\/span><\/span><br \/>\n<\/p>\n<p><strong>Quelle est votre couleur naturelle de peau sans bronzage?<\/strong><br \/>\n<span class=\"wpcf7-form-control-wrap menu-859\"><select name=\"menu-859\" class=\"wpcf7-form-control wpcf7-select skindropdown\" id=\"skincolor\" aria-invalid=\"false\"><option value=\"Peau tr\u00e8s Claire\">Peau tr\u00e8s Claire<\/option><option value=\"Peau Claire\">Peau Claire<\/option><option value=\"Peau Dor\u00e9e\">Peau Dor\u00e9e<\/option><option value=\"Peau Dor\u00e9e Fonc\u00e9e\">Peau Dor\u00e9e Fonc\u00e9e<\/option><option value=\"Peau Dor\u00e9e Tr\u00e8s Fonc\u00e9e\">Peau Dor\u00e9e Tr\u00e8s Fonc\u00e9e<\/option><\/select><\/span><br \/>\n<\/p>\n<p><strong>Etes vous sensible aux huiles essentielles?<\/strong><br \/>\n<span class=\"wpcf7-form-control-wrap menu-860\"><select name=\"menu-860\" class=\"wpcf7-form-control wpcf7-select skindropdown\" id=\"oilsensitivity\" aria-invalid=\"false\"><option value=\"Oui\">Oui<\/option><option value=\"Non\">Non<\/option><\/select><\/span><\/p>\n<p>lesquelles?<br \/>\n<span class=\"wpcf7-form-control-wrap textarea-860\"><textarea name=\"textarea-860\" cols=\"40\" rows=\"10\" class=\"wpcf7-form-control wpcf7-textarea skintextarea\" id=\"oilsensitivitylist\" aria-invalid=\"false\"><\/textarea><\/span><br \/>\n<\/p>\n<p><strong>Aidez-nous \u00e0 comprendre le monde o\u00f9 vous vivez?<\/strong><br \/>\n<span class=\"wpcf7-form-control-wrap checkbox-884\"><span class=\"wpcf7-form-control wpcf7-checkbox skincheckbox\" id=\"lifestyle\"><span class=\"wpcf7-list-item first\"><input type=\"checkbox\" name=\"checkbox-884[]\" value=\"A la Campagne\" \/><span class=\"wpcf7-list-item-label\">A la Campagne<\/span><\/span><span class=\"wpcf7-list-item\"><input type=\"checkbox\" name=\"checkbox-884[]\" value=\"En ville\" \/><span class=\"wpcf7-list-item-label\">En ville<\/span><\/span><span class=\"wpcf7-list-item\"><input type=\"checkbox\" name=\"checkbox-884[]\" value=\"Ext\u00e9rieur\" \/><span class=\"wpcf7-list-item-label\">Ext\u00e9rieur<\/span><\/span><span class=\"wpcf7-list-item\"><input type=\"checkbox\" name=\"checkbox-884[]\" value=\"Vols Fr\u00e9quents\" \/><span class=\"wpcf7-list-item-label\">Vols Fr\u00e9quents<\/span><\/span><span class=\"wpcf7-list-item last\"><input type=\"checkbox\" name=\"checkbox-884[]\" value=\"Altitude\/Temp\u00e9ratures extr\u00eames\" \/><span class=\"wpcf7-list-item-label\">Altitude\/Temp\u00e9ratures extr\u00eames<\/span><\/span><\/span><\/span><br \/>\n<\/p>\n<p><strong>Combien d'heures dormez-vous?<\/strong><br \/>\n<span class=\"wpcf7-form-control-wrap menu-862\"><select name=\"menu-862\" class=\"wpcf7-form-control wpcf7-select skindropdown\" id=\"sleep\" aria-invalid=\"false\"><option value=\"Moins de 3 heures\">Moins de 3 heures<\/option><option value=\"3 \u00e0 6 heures\">3 \u00e0 6 heures<\/option><option value=\"6 \u00e0 8 heures\">6 \u00e0 8 heures<\/option><option value=\"plus de 8 heures\">plus de 8 heures<\/option><\/select><\/span><br \/>\n<\/p>\n<p><strong>Vous et le stress en ce moment?<\/strong><br \/>\n<span class=\"wpcf7-form-control-wrap menu-863\"><select name=\"menu-863\" class=\"wpcf7-form-control wpcf7-select skindropdown\" id=\"stress\" aria-invalid=\"false\"><option value=\"No stress\">No stress<\/option><option value=\"\u00c7a peut aller\">\u00c7a peut aller<\/option><option value=\"Assez Stress\u00e9\">Assez Stress\u00e9<\/option><option value=\"J\u2019ai Besoin de Vacance\">J\u2019ai Besoin de Vacance<\/option><\/select><\/span><br \/>\n<\/p>\n<p>Plus d'informations a ajouter?<br \/>\n    <span class=\"wpcf7-form-control-wrap your-message\"><textarea name=\"your-message\" cols=\"40\" rows=\"10\" class=\"wpcf7-form-control wpcf7-textarea\" aria-invalid=\"false\"><\/textarea><\/span> <\/p>\n<p><input type=\"submit\" value=\"Envoyer\" class=\"wpcf7-form-control wpcf7-submit\" \/><\/p>\n<\/div>\n<div class=\"wpcf7-response-output wpcf7-display-none\" aria-hidden=\"true\"><\/div><\/form><\/div><\/p>","protected":false},"excerpt":{"rendered":"<p>Vous \u00eates unique et votre peau aussi, pour la 1\u00e8re fois en aromath\u00e9rapie, Johairba vous pr\u00e9pare des produits de soin 100% naturels et sur-mesure, adapt\u00e9s aux besoins uniques de votre peau. Nos experts vous \u00e9coutent et vous accompagnent dans le diagnostique de vos besoins cutan\u00e9s. Vous r\u00e9pondez \u00e0 22 questions,\u2026<\/p>\n<p> <a class=\"continue-reading-link\" href=\"https:\/\/johairba.com\/fr\/skin-consultation\/\"><span>Continue reading<\/span><i class=\"icon-right-dir\"><\/i><\/a><\/p>\n","protected":false},"author":2,"featured_media":0,"parent":0,"menu_order":0,"comment_status":"closed","ping_status":"closed","template":"","meta":{"footnotes":""},"class_list":["post-985","page","type-page","status-publish","hentry"],"yoast_head":"<!-- This site is optimized with the Yoast SEO plugin v14.2 - https:\/\/yoast.com\/wordpress\/plugins\/seo\/ -->\n<title>skin consultation - Johairba<\/title>\n<meta name=\"description\" content=\"Beginning in 2004, We are a privately owned company that specializes in all-natural products to promote healthy skin, scalp, and hair. We understand and believe in the power of plants. We are inspired by organic agriculture and the ongoing struggle towards true sustainability.\" \/>\n<meta name=\"robots\" content=\"index, follow\" \/>\n<meta name=\"googlebot\" content=\"index, follow, max-snippet:-1, max-image-preview:large, max-video-preview:-1\" \/>\n<meta name=\"bingbot\" content=\"index, follow, max-snippet:-1, max-image-preview:large, max-video-preview:-1\" \/>\n<link rel=\"canonical\" href=\"https:\/\/johairba.com\/fr\/skin-consultation\/\" \/>\n<meta property=\"og:locale\" content=\"fr_FR\" \/>\n<meta property=\"og:type\" content=\"article\" \/>\n<meta property=\"og:title\" content=\"skin consultation - Johairba\" \/>\n<meta property=\"og:description\" content=\"Beginning in 2004, We are a privately owned company that specializes in all-natural products to promote healthy skin, scalp, and hair. We understand and believe in the power of plants. We are inspired by organic agriculture and the ongoing struggle towards true sustainability.\" \/>\n<meta property=\"og:url\" content=\"https:\/\/johairba.com\/fr\/skin-consultation\/\" \/>\n<meta property=\"og:site_name\" content=\"Johairba\" \/>\n<meta property=\"article:publisher\" content=\"https:\/\/www.facebook.com\/pages\/Johairba\/406542342741572\" \/>\n<meta property=\"article:modified_time\" content=\"2016-08-25T23:29:31+00:00\" \/>\n<meta property=\"og:image\" content=\"https:\/\/johairba.com\/wp-content\/uploads\/2015\/11\/Pipette-bespoke-webedit2.jpg\" \/>\n<script type=\"application\/ld+json\" class=\"yoast-schema-graph\">{\"@context\":\"https:\/\/schema.org\",\"@graph\":[{\"@type\":\"WebSite\",\"@id\":\"https:\/\/johairba.com\/fr\/#website\",\"url\":\"https:\/\/johairba.com\/fr\/\",\"name\":\"Johairba\",\"description\":\"Une source infinie de beaut\\u00e9\",\"potentialAction\":[{\"@type\":\"SearchAction\",\"target\":\"https:\/\/johairba.com\/fr\/?s={search_term_string}\",\"query-input\":\"required name=search_term_string\"}],\"inLanguage\":\"fr-FR\"},{\"@type\":\"ImageObject\",\"@id\":\"https:\/\/johairba.com\/fr\/skin-consultation\/#primaryimage\",\"inLanguage\":\"fr-FR\",\"url\":\"https:\/\/johairba.com\/wp-content\/uploads\/2015\/11\/Pipette-bespoke-webedit2.jpg\",\"width\":1397,\"height\":721,\"caption\":\"Pipette bespoke webedit\"},{\"@type\":\"WebPage\",\"@id\":\"https:\/\/johairba.com\/fr\/skin-consultation\/#webpage\",\"url\":\"https:\/\/johairba.com\/fr\/skin-consultation\/\",\"name\":\"skin consultation - Johairba\",\"isPartOf\":{\"@id\":\"https:\/\/johairba.com\/fr\/#website\"},\"primaryImageOfPage\":{\"@id\":\"https:\/\/johairba.com\/fr\/skin-consultation\/#primaryimage\"},\"datePublished\":\"2015-10-31T14:29:52+00:00\",\"dateModified\":\"2016-08-25T23:29:31+00:00\",\"description\":\"Beginning in 2004, We are a privately owned company that specializes in all-natural products to promote healthy skin, scalp, and hair. We understand and believe in the power of plants. We are inspired by organic agriculture and the ongoing struggle towards true sustainability.\",\"inLanguage\":\"fr-FR\",\"potentialAction\":[{\"@type\":\"ReadAction\",\"target\":[\"https:\/\/johairba.com\/fr\/skin-consultation\/\"]}]}]}<\/script>\n<!-- \/ Yoast SEO plugin. -->","_links":{"self":[{"href":"https:\/\/johairba.com\/fr\/wp-json\/wp\/v2\/pages\/985","targetHints":{"allow":["GET"]}}],"collection":[{"href":"https:\/\/johairba.com\/fr\/wp-json\/wp\/v2\/pages"}],"about":[{"href":"https:\/\/johairba.com\/fr\/wp-json\/wp\/v2\/types\/page"}],"author":[{"embeddable":true,"href":"https:\/\/johairba.com\/fr\/wp-json\/wp\/v2\/users\/2"}],"replies":[{"embeddable":true,"href":"https:\/\/johairba.com\/fr\/wp-json\/wp\/v2\/comments?post=985"}],"version-history":[{"count":26,"href":"https:\/\/johairba.com\/fr\/wp-json\/wp\/v2\/pages\/985\/revisions"}],"predecessor-version":[{"id":1359,"href":"https:\/\/johairba.com\/fr\/wp-json\/wp\/v2\/pages\/985\/revisions\/1359"}],"wp:attachment":[{"href":"https:\/\/johairba.com\/fr\/wp-json\/wp\/v2\/media?parent=985"}],"curies":[{"name":"wp","href":"https:\/\/api.w.org\/{rel}","templated":true}]}}